{"id":2353,"date":"2022-01-21T17:07:36","date_gmt":"2022-01-21T16:07:36","guid":{"rendered":"https:\/\/www.campingthesauque.com\/restaurant-montgeard\/"},"modified":"2022-03-25T12:08:16","modified_gmt":"2022-03-25T11:08:16","slug":"restaurant-montgeard","status":"publish","type":"page","link":"https:\/\/www.campingthesauque.com\/nl\/restaurant-montgeard\/","title":{"rendered":"Restaurant"},"content":{"rendered":"<section id=\"section-61f3fe03cae35\"\" class=\"section bg-white p-b-0\" \/><div class=\"container\"><h1 class=\"element section-title center\">Bar, restaurant bij Toulouse<\/h1><\/div><\/section>\n\n<section id=\"section-61f3fe03caf69\"\" class=\"section bg-white\" \/><div class=\"container extralarge\"><div class=\"colonnes-wrap valign-middle \"><div class=\"element colonne p-4\"><h2 class=\"element section-title left title-deco color2\">Onze bar in de buurt van Toulouse<\/h2><div class=\"element bloc-text justify \">\n\t<p>Kom en geniet van een ontspannen moment in de <strong class=\"bold color2\">bar Bittersweet<\/strong> op de <a href=\"\/nl\/\">camping Le Lac de la Th\u00e9sauque<\/a>. U bent van harte welkom, ook als u niet op de camping verblijft!<\/p>\n<p>De bar is geopend van juni tot september, van 10.00 tot 14.00 uur en van 18.00 tot 21.00 uur in het laagseizoen en van 10.00 tot 21.00 uur in de zomermaanden juli en augustus. Dit is een gelegenheid om <strong class=\"bold color2\">met de voeten in het water<\/strong> een glaasje te komen drinken aan de oevers van het Lac de la Th\u00e9sauque bij Toulouse in de Haute-Garonne.<\/p>\n<p>Onze bar met terras biedt een <strong class=\"bold color2\">uniek kader<\/strong> en een <strong class=\"bold color2\">vriendelijke sfeer<\/strong> voor uw momenten om te delen met familie of vrienden.<\/p>\n<\/div><\/div><div class=\"element colonne \"><div class=\"element images\"><div class=\"image\"><img decoding=\"async\" src=\"https:\/\/www.campingthesauque.com\/wp-content\/uploads\/2022\/02\/restaurant-toulouse-100x67.jpg\" data-src=\"https:\/\/www.campingthesauque.com\/wp-content\/uploads\/2022\/02\/restaurant-toulouse.jpg\" alt=\"restaurant nailloux au bord de lac\" class=\"images_image\" \/><\/div><\/div><\/div><\/div><\/div><\/section>\n\n<section id=\"section-61f3fe03cb064\"\" class=\"section bg-white p-t-0 p-b-0\" \/><div class=\"container full\"><div class=\"carousel\"><div class=\"slide \"><div class=\"slide_image\"><img decoding=\"async\" src=\"https:\/\/www.campingthesauque.com\/wp-content\/uploads\/2022\/02\/restaurant-montgeard-100x55.jpg\" data-src=\"https:\/\/www.campingthesauque.com\/wp-content\/uploads\/2022\/02\/restaurant-montgeard.jpg\" alt=\"restaurant montgeard\" class=\"\" \/><\/div><\/div><div class=\"slide \"><div class=\"slide_image\"><img decoding=\"async\" src=\"https:\/\/www.campingthesauque.com\/wp-content\/uploads\/2022\/02\/glacier-montgeard-100x55.jpg\" data-src=\"https:\/\/www.campingthesauque.com\/wp-content\/uploads\/2022\/02\/glacier-montgeard.jpg\" alt=\"glacier Nailloux\" class=\"\" \/><\/div><\/div><div class=\"slide \"><div class=\"slide_image\"><img decoding=\"async\" src=\"https:\/\/www.campingthesauque.com\/wp-content\/uploads\/2022\/03\/burger-montgeard-100x55.jpg\" data-src=\"https:\/\/www.campingthesauque.com\/wp-content\/uploads\/2022\/03\/burger-montgeard.jpg\" alt=\"Burger gourmet du BitterSweet \u00e0 Montgeard\" class=\"\" \/><\/div><\/div><div class=\"slide \"><div class=\"slide_image\"><img decoding=\"async\" src=\"https:\/\/www.campingthesauque.com\/wp-content\/uploads\/2022\/02\/bar-montgeard-100x55.jpg\" data-src=\"https:\/\/www.campingthesauque.com\/wp-content\/uploads\/2022\/02\/bar-montgeard.jpg\" alt=\"jus orange au bar Nailloux\" class=\"\" \/><\/div><\/div><\/div><\/div><\/section>\n\n<section id=\"section-61f3fe03cb171\"\" class=\"section bg-color4\" \/><div class=\"container extralarge\"><div class=\"colonnes-wrap valign-middle \"><div class=\"element colonne \"><div class=\"element images\"><div class=\"image\"><img decoding=\"async\" src=\"https:\/\/www.campingthesauque.com\/wp-content\/uploads\/2022\/02\/restauration-montgeard-100x67.jpg\" data-src=\"https:\/\/www.campingthesauque.com\/wp-content\/uploads\/2022\/02\/restauration-montgeard.jpg\" alt=\"espace d\u00e9di\u00e9 aux animations et activit\u00e9s\" class=\"images_image\" \/><\/div><\/div><\/div><div class=\"element colonne p-4\"><h2 class=\"element section-title left title-deco color2\">Ons restaurant in Haute-Garonne<\/h2><div class=\"element bloc-text justify \">\n\t<p>Kom en ontdek de <strong class=\"bold color2\">traditionele en vriendelijke keuken<\/strong> aangeboden door ons restaurant, de Bitterzoet. Van juni tot september wordt u verwelkomd om al onze diensten en onze kleine gerechten te ontdekken die voor uw grootste plezier worden aangeboden.<\/p>\n<p>Ons <strong class=\"bold color2\">bar restaurant met terras is een bevoorrechte plaats aan het meer<\/strong>. Wij bieden een prachtige omgeving waar u <strong class=\"bold color2\">heerlijk kunt eten<\/strong>. Naast de cateringservice hebben wij een <strong class=\"bold color2\">snack- en een ijssalon tot uw beschikking<\/strong>. U hebt dus alle gelegenheid om op elk moment van het jaar van onze mooie streek Toulouse te genieten! <\/p>\n<\/div><\/div><\/div><\/div><\/section>\n\n<section id=\"section-6213b0b3dc5e2\"\" class=\"section bg-white\" \/><div class=\"container extralarge\"><div class=\"colonnes-wrap valign-middle \"><div class=\"element colonne \"><h2 class=\"element section-title center title-deco color2\">Afhaalmaaltijden<\/h2><div class=\"element bloc-text justify \">\n\t<p>Om aan alle wensen te voldoen, kunt u onze <strong class=\"bold color2\">afhaalmaaltijden in Montgeard<\/strong>, in de buurt van Toulouse in de Haute-Garonne, overwegen. Ons aanbod van snacks is groot en aangepast aan alle wensen: panini, wafels, ijs&#8230; Het restaurantaanbod, d.w.z. zowel de bar, het traditionele restaurant als de snackbar, zijn <strong class=\"bold color2\">toegankelijk voor buitenstaanders<\/strong>. Wij kijken ernaar uit u te mogen verwelkomen van juni tot september!<\/p>\n<\/div><\/div><div class=\"element colonne \"><div class=\"element images\"><div class=\"image\"><img decoding=\"async\" src=\"https:\/\/www.campingthesauque.com\/wp-content\/uploads\/2022\/02\/snack-toulouse-100x67.jpg\" data-src=\"https:\/\/www.campingthesauque.com\/wp-content\/uploads\/2022\/02\/snack-toulouse.jpg\" alt=\"gauffre ,snack toulouse\" class=\"images_image\" \/><\/div><\/div><\/div><\/div><\/div><\/section>\n\n<section id=\"section-61f3fe03cb280\"\" class=\"section bg-white\" \/><div class=\"container extralarge\"><div class=\"element section-title center title-cta color3\">Ons zwembad en onze activiteiten<\/div><ul class=\"liste-de-page\"><li class=\"element call-to-action carre call-to-action--style-1 call-to-action--big\"><a href=\"https:\/\/www.campingthesauque.com\/nl\/kamperen-zwembad-montgeard\/\"  class=\"call-to-action_link\" title=\"En savoir plus sur ons zwembad\"><div class=\"call-to-action_image\"><img decoding=\"async\" src=\"https:\/\/www.campingthesauque.com\/wp-content\/uploads\/2022\/02\/camping-piscine-decouverte-toulouse-100x70.jpg\" data-src=\"https:\/\/www.campingthesauque.com\/wp-content\/uploads\/2022\/02\/camping-piscine-decouverte-toulouse.jpg\" alt=\"Moment de d\u00e9tente d\u2019un enfant au bord de la piscine\" class=\"big\" \/><\/div><div class=\"call-to-action_contenu\"><div class=\"call-to-action_titre\">Ons zwembad<\/div><\/div><\/a><\/li><li class=\"element call-to-action carre call-to-action--style-1 call-to-action--big call-to-action--style-1 call-to-action--big\"><a href=\"https:\/\/www.campingthesauque.com\/nl\/gezinscamping-montgeard\/\"  class=\"call-to-action_link\" title=\"En savoir plus sur nos services et activit\u00e9s\"><div class=\"call-to-action_image\"><img decoding=\"async\" src=\"https:\/\/www.campingthesauque.com\/wp-content\/uploads\/2022\/03\/camping-familial-qualite-montgeard-100x32.jpg\" data-src=\"https:\/\/www.campingthesauque.com\/wp-content\/uploads\/2022\/03\/camping-familial-qualite-montgeard.jpg\" alt=\"camping familial qualite montgeard\" class=\"big\" \/><\/div><div class=\"call-to-action_contenu\"><div class=\"call-to-action_titre\">Nos services et activit\u00e9s<\/div><\/div><\/a><\/li><\/ul><\/div><\/section>","protected":false},"excerpt":{"rendered":"","protected":false},"author":1,"featured_media":820,"parent":0,"menu_order":0,"comment_status":"closed","ping_status":"closed","template":"","meta":{"_acf_changed":false,"footnotes":""},"class_list":["post-2353","page","type-page","status-publish","has-post-thumbnail","hentry"],"acf":[],"yoast_head":"<!-- This site is optimized with the Yoast SEO plugin v25.3 - https:\/\/yoast.com\/wordpress\/plugins\/seo\/ -->\n<title>Restauratie in Montgeard | Bar, restaurant bij Toulouse (31)<\/title>\n<meta name=\"robots\" content=\"index, follow, max-snippet:-1, max-image-preview:large, max-video-preview:-1\" \/>\n<link rel=\"canonical\" href=\"https:\/\/www.campingthesauque.com\/nl\/restaurant-montgeard\/\" \/>\n<meta property=\"og:locale\" content=\"nl_NL\" \/>\n<meta property=\"og:type\" content=\"article\" \/>\n<meta property=\"og:title\" content=\"Restauratie in Montgeard | Bar, restaurant bij Toulouse (31)\" \/>\n<meta property=\"og:url\" content=\"https:\/\/www.campingthesauque.com\/nl\/restaurant-montgeard\/\" \/>\n<meta property=\"og:site_name\" content=\"Camping le Lac de la Th\u00e9sauque\" \/>\n<meta property=\"article:publisher\" content=\"https:\/\/www.facebook.com\/CampingThesauque\/\" \/>\n<meta property=\"article:modified_time\" content=\"2022-03-25T11:08:16+00:00\" \/>\n<meta property=\"og:image\" content=\"https:\/\/www.campingthesauque.com\/wp-content\/uploads\/2022\/02\/bar-toulouse.jpg\" \/>\n\t<meta property=\"og:image:width\" content=\"1904\" \/>\n\t<meta property=\"og:image:height\" content=\"600\" \/>\n\t<meta property=\"og:image:type\" content=\"image\/jpeg\" \/>\n<meta name=\"twitter:card\" content=\"summary_large_image\" \/>\n<script type=\"application\/ld+json\" class=\"yoast-schema-graph\">{\"@context\":\"https:\/\/schema.org\",\"@graph\":[{\"@type\":\"WebPage\",\"@id\":\"https:\/\/www.campingthesauque.com\/nl\/restaurant-montgeard\/\",\"url\":\"https:\/\/www.campingthesauque.com\/nl\/restaurant-montgeard\/\",\"name\":\"Restauratie in Montgeard | Bar, restaurant bij Toulouse (31)\",\"isPartOf\":{\"@id\":\"https:\/\/www.campingthesauque.com\/nl\/#website\"},\"primaryImageOfPage\":{\"@id\":\"https:\/\/www.campingthesauque.com\/nl\/restaurant-montgeard\/#primaryimage\"},\"image\":{\"@id\":\"https:\/\/www.campingthesauque.com\/nl\/restaurant-montgeard\/#primaryimage\"},\"thumbnailUrl\":\"https:\/\/www.campingthesauque.com\/wp-content\/uploads\/2022\/02\/bar-toulouse.jpg\",\"datePublished\":\"2022-01-21T16:07:36+00:00\",\"dateModified\":\"2022-03-25T11:08:16+00:00\",\"breadcrumb\":{\"@id\":\"https:\/\/www.campingthesauque.com\/nl\/restaurant-montgeard\/#breadcrumb\"},\"inLanguage\":\"nl-NL\",\"potentialAction\":[{\"@type\":\"ReadAction\",\"target\":[\"https:\/\/www.campingthesauque.com\/nl\/restaurant-montgeard\/\"]}]},{\"@type\":\"ImageObject\",\"inLanguage\":\"nl-NL\",\"@id\":\"https:\/\/www.campingthesauque.com\/nl\/restaurant-montgeard\/#primaryimage\",\"url\":\"https:\/\/www.campingthesauque.com\/wp-content\/uploads\/2022\/02\/bar-toulouse.jpg\",\"contentUrl\":\"https:\/\/www.campingthesauque.com\/wp-content\/uploads\/2022\/02\/bar-toulouse.jpg\",\"width\":1904,\"height\":600,\"caption\":\"bar toulouse\"},{\"@type\":\"BreadcrumbList\",\"@id\":\"https:\/\/www.campingthesauque.com\/nl\/restaurant-montgeard\/#breadcrumb\",\"itemListElement\":[{\"@type\":\"ListItem\",\"position\":1,\"name\":\"Camping Toulouse\",\"item\":\"https:\/\/www.campingthesauque.com\/nl\/\"},{\"@type\":\"ListItem\",\"position\":2,\"name\":\"Catering in Montgeard\"}]},{\"@type\":\"WebSite\",\"@id\":\"https:\/\/www.campingthesauque.com\/nl\/#website\",\"url\":\"https:\/\/www.campingthesauque.com\/nl\/\",\"name\":\"Camping le Lac de la Th\u00e9sauque\",\"description\":\"\",\"publisher\":{\"@id\":\"https:\/\/www.campingthesauque.com\/nl\/#organization\"},\"potentialAction\":[{\"@type\":\"SearchAction\",\"target\":{\"@type\":\"EntryPoint\",\"urlTemplate\":\"https:\/\/www.campingthesauque.com\/nl\/?s={search_term_string}\"},\"query-input\":{\"@type\":\"PropertyValueSpecification\",\"valueRequired\":true,\"valueName\":\"search_term_string\"}}],\"inLanguage\":\"nl-NL\"},{\"@type\":\"Organization\",\"@id\":\"https:\/\/www.campingthesauque.com\/nl\/#organization\",\"name\":\"Camping du Lac de la Th\u00e9sauque\",\"url\":\"https:\/\/www.campingthesauque.com\/nl\/\",\"logo\":{\"@type\":\"ImageObject\",\"inLanguage\":\"nl-NL\",\"@id\":\"https:\/\/www.campingthesauque.com\/nl\/#\/schema\/logo\/image\/\",\"url\":\"https:\/\/www.campingthesauque.com\/wp-content\/uploads\/2022\/01\/logo-camping.png\",\"contentUrl\":\"https:\/\/www.campingthesauque.com\/wp-content\/uploads\/2022\/01\/logo-camping.png\",\"width\":411,\"height\":92,\"caption\":\"Camping du Lac de la Th\u00e9sauque\"},\"image\":{\"@id\":\"https:\/\/www.campingthesauque.com\/nl\/#\/schema\/logo\/image\/\"},\"sameAs\":[\"https:\/\/www.facebook.com\/CampingThesauque\/\"]}]}<\/script>\n<!-- \/ Yoast SEO plugin. -->","yoast_head_json":{"title":"Restauratie in Montgeard | Bar, restaurant bij Toulouse (31)","robots":{"index":"index","follow":"follow","max-snippet":"max-snippet:-1","max-image-preview":"max-image-preview:large","max-video-preview":"max-video-preview:-1"},"canonical":"https:\/\/www.campingthesauque.com\/nl\/restaurant-montgeard\/","og_locale":"nl_NL","og_type":"article","og_title":"Restauratie in Montgeard | Bar, restaurant bij Toulouse (31)","og_url":"https:\/\/www.campingthesauque.com\/nl\/restaurant-montgeard\/","og_site_name":"Camping le Lac de la Th\u00e9sauque","article_publisher":"https:\/\/www.facebook.com\/CampingThesauque\/","article_modified_time":"2022-03-25T11:08:16+00:00","og_image":[{"width":1904,"height":600,"url":"https:\/\/www.campingthesauque.com\/wp-content\/uploads\/2022\/02\/bar-toulouse.jpg","type":"image\/jpeg"}],"twitter_card":"summary_large_image","schema":{"@context":"https:\/\/schema.org","@graph":[{"@type":"WebPage","@id":"https:\/\/www.campingthesauque.com\/nl\/restaurant-montgeard\/","url":"https:\/\/www.campingthesauque.com\/nl\/restaurant-montgeard\/","name":"Restauratie in Montgeard | Bar, restaurant bij Toulouse (31)","isPartOf":{"@id":"https:\/\/www.campingthesauque.com\/nl\/#website"},"primaryImageOfPage":{"@id":"https:\/\/www.campingthesauque.com\/nl\/restaurant-montgeard\/#primaryimage"},"image":{"@id":"https:\/\/www.campingthesauque.com\/nl\/restaurant-montgeard\/#primaryimage"},"thumbnailUrl":"https:\/\/www.campingthesauque.com\/wp-content\/uploads\/2022\/02\/bar-toulouse.jpg","datePublished":"2022-01-21T16:07:36+00:00","dateModified":"2022-03-25T11:08:16+00:00","breadcrumb":{"@id":"https:\/\/www.campingthesauque.com\/nl\/restaurant-montgeard\/#breadcrumb"},"inLanguage":"nl-NL","potentialAction":[{"@type":"ReadAction","target":["https:\/\/www.campingthesauque.com\/nl\/restaurant-montgeard\/"]}]},{"@type":"ImageObject","inLanguage":"nl-NL","@id":"https:\/\/www.campingthesauque.com\/nl\/restaurant-montgeard\/#primaryimage","url":"https:\/\/www.campingthesauque.com\/wp-content\/uploads\/2022\/02\/bar-toulouse.jpg","contentUrl":"https:\/\/www.campingthesauque.com\/wp-content\/uploads\/2022\/02\/bar-toulouse.jpg","width":1904,"height":600,"caption":"bar toulouse"},{"@type":"BreadcrumbList","@id":"https:\/\/www.campingthesauque.com\/nl\/restaurant-montgeard\/#breadcrumb","itemListElement":[{"@type":"ListItem","position":1,"name":"Camping Toulouse","item":"https:\/\/www.campingthesauque.com\/nl\/"},{"@type":"ListItem","position":2,"name":"Catering in Montgeard"}]},{"@type":"WebSite","@id":"https:\/\/www.campingthesauque.com\/nl\/#website","url":"https:\/\/www.campingthesauque.com\/nl\/","name":"Camping le Lac de la Th\u00e9sauque","description":"","publisher":{"@id":"https:\/\/www.campingthesauque.com\/nl\/#organization"},"potentialAction":[{"@type":"SearchAction","target":{"@type":"EntryPoint","urlTemplate":"https:\/\/www.campingthesauque.com\/nl\/?s={search_term_string}"},"query-input":{"@type":"PropertyValueSpecification","valueRequired":true,"valueName":"search_term_string"}}],"inLanguage":"nl-NL"},{"@type":"Organization","@id":"https:\/\/www.campingthesauque.com\/nl\/#organization","name":"Camping du Lac de la Th\u00e9sauque","url":"https:\/\/www.campingthesauque.com\/nl\/","logo":{"@type":"ImageObject","inLanguage":"nl-NL","@id":"https:\/\/www.campingthesauque.com\/nl\/#\/schema\/logo\/image\/","url":"https:\/\/www.campingthesauque.com\/wp-content\/uploads\/2022\/01\/logo-camping.png","contentUrl":"https:\/\/www.campingthesauque.com\/wp-content\/uploads\/2022\/01\/logo-camping.png","width":411,"height":92,"caption":"Camping du Lac de la Th\u00e9sauque"},"image":{"@id":"https:\/\/www.campingthesauque.com\/nl\/#\/schema\/logo\/image\/"},"sameAs":["https:\/\/www.facebook.com\/CampingThesauque\/"]}]}},"_links":{"self":[{"href":"https:\/\/www.campingthesauque.com\/nl\/wp-json\/wp\/v2\/pages\/2353","targetHints":{"allow":["GET"]}}],"collection":[{"href":"https:\/\/www.campingthesauque.com\/nl\/wp-json\/wp\/v2\/pages"}],"about":[{"href":"https:\/\/www.campingthesauque.com\/nl\/wp-json\/wp\/v2\/types\/page"}],"author":[{"embeddable":true,"href":"https:\/\/www.campingthesauque.com\/nl\/wp-json\/wp\/v2\/users\/1"}],"replies":[{"embeddable":true,"href":"https:\/\/www.campingthesauque.com\/nl\/wp-json\/wp\/v2\/comments?post=2353"}],"version-history":[{"count":0,"href":"https:\/\/www.campingthesauque.com\/nl\/wp-json\/wp\/v2\/pages\/2353\/revisions"}],"wp:featuredmedia":[{"embeddable":true,"href":"https:\/\/www.campingthesauque.com\/nl\/wp-json\/wp\/v2\/media\/820"}],"wp:attachment":[{"href":"https:\/\/www.campingthesauque.com\/nl\/wp-json\/wp\/v2\/media?parent=2353"}],"curies":[{"name":"wp","href":"https:\/\/api.w.org\/{rel}","templated":true}]}}