{"id":2396,"date":"2022-01-21T17:07:36","date_gmt":"2022-01-21T16:07:36","guid":{"rendered":"https:\/\/www.campingthesauque.com\/restaurant-montgeard\/"},"modified":"2023-06-16T10:08:53","modified_gmt":"2023-06-16T08:08:53","slug":"restaurante-montgeard","status":"publish","type":"page","link":"https:\/\/www.campingthesauque.com\/es\/restaurante-montgeard\/","title":{"rendered":"Restaurant"},"content":{"rendered":"<section id=\"section-61f3fe03cae35\"\" class=\"section bg-white p-b-0\" \/><div class=\"container\"><h1 class=\"element section-title center\">Bar, restaurante cerca de Toulouse<\/h1><\/div><\/section>\n\n<section id=\"section-61f3fe03caf69\"\" class=\"section bg-white\" \/><div class=\"container extralarge\"><div class=\"colonnes-wrap valign-middle \"><div class=\"element colonne p-4\"><h2 class=\"element section-title left title-deco color2\">Nuestro bar cerca de Toulouse<\/h2><div class=\"element bloc-text justify \">\n\t<p>Ven a disfrutar de un momento de relax en el <strong class=\"bold color2\">bar Bittersweet<\/strong> del <a href=\"\/es\/\">camping Le Lac de la Th\u00e9sauque<\/a>. Eres bienvenido, incluso si no te alojas en el camping.<\/p>\n<p>El bar est\u00e1 abierto de junio a septiembre, de 10 a 14 y de 18 a 21 horas en temporada baja y de 10 a 21 horas en los meses de verano de julio y agosto. Esta es una oportunidad para venir <strong class=\"bold color2\">a saborear un trago con los pies en el agua<\/strong> a orillas del Lago de la Th\u00e9sauque, cerca de Toulouse, en el Alto Garona.<\/p>\n<p>Nuestro bar con terraza ofrece un <strong class=\"bold color2\">entorno \u00fanico<\/strong> y un <strong class=\"bold color2\">ambiente acogedor<\/strong> para tus momentos de convivencia con la familia o los amigos.<\/p>\n<\/div><\/div><div class=\"element colonne \"><div class=\"element images\"><div class=\"image\"><img decoding=\"async\" src=\"https:\/\/www.campingthesauque.com\/wp-content\/uploads\/2022\/02\/restaurant-toulouse-100x67.jpg\" data-src=\"https:\/\/www.campingthesauque.com\/wp-content\/uploads\/2022\/02\/restaurant-toulouse.jpg\" alt=\"restaurant nailloux au bord de lac\" class=\"images_image\" \/><\/div><\/div><\/div><\/div><\/div><\/section>\n\n<section id=\"section-61f3fe03cb064\"\" class=\"section bg-white p-t-0 p-b-0\" \/><div class=\"container full\"><div class=\"carousel\"><div class=\"slide \"><div class=\"slide_image\"><img decoding=\"async\" src=\"https:\/\/www.campingthesauque.com\/wp-content\/uploads\/2022\/02\/restaurant-montgeard-100x55.jpg\" data-src=\"https:\/\/www.campingthesauque.com\/wp-content\/uploads\/2022\/02\/restaurant-montgeard.jpg\" alt=\"restaurant montgeard\" class=\"\" \/><\/div><\/div><div class=\"slide \"><div class=\"slide_image\"><img decoding=\"async\" src=\"https:\/\/www.campingthesauque.com\/wp-content\/uploads\/2022\/02\/glacier-montgeard-100x55.jpg\" data-src=\"https:\/\/www.campingthesauque.com\/wp-content\/uploads\/2022\/02\/glacier-montgeard.jpg\" alt=\"glacier Nailloux\" class=\"\" \/><\/div><\/div><div class=\"slide \"><div class=\"slide_image\"><img decoding=\"async\" src=\"https:\/\/www.campingthesauque.com\/wp-content\/uploads\/2022\/03\/burger-montgeard-100x55.jpg\" data-src=\"https:\/\/www.campingthesauque.com\/wp-content\/uploads\/2022\/03\/burger-montgeard.jpg\" alt=\"Burger gourmet du BitterSweet \u00e0 Montgeard\" class=\"\" \/><\/div><\/div><div class=\"slide \"><div class=\"slide_image\"><img decoding=\"async\" src=\"https:\/\/www.campingthesauque.com\/wp-content\/uploads\/2022\/02\/bar-montgeard-100x55.jpg\" data-src=\"https:\/\/www.campingthesauque.com\/wp-content\/uploads\/2022\/02\/bar-montgeard.jpg\" alt=\"jus orange au bar Nailloux\" class=\"\" \/><\/div><\/div><\/div><\/div><\/section>\n\n<section id=\"section-61f3fe03cb171\"\" class=\"section bg-color4\" \/><div class=\"container extralarge\"><div class=\"colonnes-wrap valign-middle \"><div class=\"element colonne \"><div class=\"element images\"><div class=\"image\"><img decoding=\"async\" src=\"https:\/\/www.campingthesauque.com\/wp-content\/uploads\/2022\/02\/restauration-montgeard-100x67.jpg\" data-src=\"https:\/\/www.campingthesauque.com\/wp-content\/uploads\/2022\/02\/restauration-montgeard.jpg\" alt=\"espace d\u00e9di\u00e9 aux animations et activit\u00e9s\" class=\"images_image\" \/><\/div><\/div><\/div><div class=\"element colonne p-4\"><h2 class=\"element section-title left title-deco color2\">Nuestro restaurante en Haute-Garonne<\/h2><div class=\"element bloc-text justify \">\n\t<p>Venga a descubrir la <strong class=\"bold color2\">cocina tradicional y acogedora<\/strong> que ofrece nuestro restaurante, el Bittersweet. De junio a septiembre, ser\u00e1 bienvenido para descubrir todos nuestros servicios y nuestros platos ofrecidos para su placer.<\/p>\n<p>Nuestro <strong class=\"bold color2\">bar restaurante con terraza es un lugar privilegiado en el lago<\/strong>. Ofrecemos un bello entorno donde podr\u00e1 <strong class=\"bold color2\">degustar una deliciosa comida<\/strong>. Adem\u00e1s del servicio de catering, tenemos un <strong class=\"bold color2\">snack y una helader\u00eda a su disposici\u00f3n<\/strong>. Esto le permite disfrutar de nuestra hermosa regi\u00f3n de Toulouse en cualquier momento del a\u00f1o. <\/p>\n<\/div><\/div><\/div><\/div><\/section>\n\n<section id=\"section-6213b0b3dc5e2\"\" class=\"section bg-white\" \/><div class=\"container extralarge\"><div class=\"colonnes-wrap valign-middle \"><div class=\"element colonne \"><h2 class=\"element section-title center title-deco color2\">Comida para llevar<\/h2><div class=\"element bloc-text justify \">\n\t<p>Para satisfacer todos los placeres, considere nuestras <strong class=\"bold color2\">comidas para llevar en Montgeard<\/strong>, cerca de Toulouse en Haute-Garonne. Tenemos una amplia gama de aperitivos para todos los gustos: panini, gofres, helados, etc. La oferta de restauraci\u00f3n, es decir, tanto el bar como el restaurante tradicional y el snack bar, son <strong class=\"bold color2\">accesibles a los forasteros<\/strong>. Estamos deseando darle la bienvenida de junio a septiembre.<\/p>\n<\/div><\/div><div class=\"element colonne \"><div class=\"element images\"><div class=\"image\"><img decoding=\"async\" src=\"https:\/\/www.campingthesauque.com\/wp-content\/uploads\/2022\/02\/snack-toulouse-100x67.jpg\" data-src=\"https:\/\/www.campingthesauque.com\/wp-content\/uploads\/2022\/02\/snack-toulouse.jpg\" alt=\"gauffre ,snack toulouse\" class=\"images_image\" \/><\/div><\/div><\/div><\/div><\/div><\/section>\n\n<section id=\"section-61f3fe03cb280\"\" class=\"section bg-white\" \/><div class=\"container extralarge\"><div class=\"element section-title center title-cta color3\">Nuestra piscina y actividades<\/div><ul class=\"liste-de-page\"><li class=\"element call-to-action carre call-to-action--style-1 call-to-action--big\"><a href=\"https:\/\/www.campingthesauque.com\/es\/piscina-de-camping-montgeard\/\"  class=\"call-to-action_link\" title=\"En savoir plus sur nuestra piscina\"><div class=\"call-to-action_image\"><img decoding=\"async\" src=\"https:\/\/www.campingthesauque.com\/wp-content\/uploads\/2022\/02\/camping-piscine-decouverte-toulouse-100x70.jpg\" data-src=\"https:\/\/www.campingthesauque.com\/wp-content\/uploads\/2022\/02\/camping-piscine-decouverte-toulouse.jpg\" alt=\"Moment de d\u00e9tente d\u2019un enfant au bord de la piscine\" class=\"big\" \/><\/div><div class=\"call-to-action_contenu\"><div class=\"call-to-action_titre\">Nuestra piscina<\/div><\/div><\/a><\/li><li class=\"element call-to-action carre call-to-action--style-1 call-to-action--big call-to-action--style-1 call-to-action--big\"><a href=\"https:\/\/www.campingthesauque.com\/es\/camping-barato-montgeard\/\"  class=\"call-to-action_link\" title=\"En savoir plus sur nuestras tarifas\"><div class=\"call-to-action_image\"><img decoding=\"async\" src=\"https:\/\/www.campingthesauque.com\/wp-content\/uploads\/2023\/06\/camping-pas-cher-pres-de-toulouse-100x44.jpg\" data-src=\"https:\/\/www.campingthesauque.com\/wp-content\/uploads\/2023\/06\/camping-pas-cher-pres-de-toulouse.jpg\" alt=\"camping pas cher pres de toulouse\" class=\"big\" \/><\/div><div class=\"call-to-action_contenu\"><div class=\"call-to-action_titre\">Nuestras tarifas<\/div><\/div><\/a><\/li><li class=\"element call-to-action carre call-to-action--style-1 call-to-action--big call-to-action--style-1 call-to-action--big call-to-action--style-1 call-to-action--big\"><a href=\"https:\/\/www.campingthesauque.com\/es\/camping-familiar-montgeard\/\"  class=\"call-to-action_link\" title=\"En savoir plus sur nos services et activit\u00e9s\"><div class=\"call-to-action_image\"><img decoding=\"async\" src=\"https:\/\/www.campingthesauque.com\/wp-content\/uploads\/2022\/03\/camping-familial-qualite-montgeard-100x32.jpg\" data-src=\"https:\/\/www.campingthesauque.com\/wp-content\/uploads\/2022\/03\/camping-familial-qualite-montgeard.jpg\" alt=\"camping familial qualite montgeard\" class=\"big\" \/><\/div><div class=\"call-to-action_contenu\"><div class=\"call-to-action_titre\">Nos services et activit\u00e9s<\/div><\/div><\/a><\/li><\/ul><\/div><\/section>","protected":false},"excerpt":{"rendered":"","protected":false},"author":1,"featured_media":823,"parent":0,"menu_order":0,"comment_status":"closed","ping_status":"closed","template":"","meta":{"_acf_changed":false,"footnotes":""},"class_list":["post-2396","page","type-page","status-publish","has-post-thumbnail","hentry"],"acf":[],"yoast_head":"<!-- This site is optimized with the Yoast SEO plugin v25.3 - https:\/\/yoast.com\/wordpress\/plugins\/seo\/ -->\n<title>Catering en Montgeard | Bar, restaurante cerca de Toulouse (31)<\/title>\n<meta name=\"robots\" content=\"index, follow, max-snippet:-1, max-image-preview:large, max-video-preview:-1\" \/>\n<link rel=\"canonical\" href=\"https:\/\/www.campingthesauque.com\/es\/restaurante-montgeard\/\" \/>\n<meta property=\"og:locale\" content=\"es_ES\" \/>\n<meta property=\"og:type\" content=\"article\" \/>\n<meta property=\"og:title\" content=\"Catering en Montgeard | Bar, restaurante cerca de Toulouse (31)\" \/>\n<meta property=\"og:url\" content=\"https:\/\/www.campingthesauque.com\/es\/restaurante-montgeard\/\" \/>\n<meta property=\"og:site_name\" content=\"Camping le Lac de la Th\u00e9sauque\" \/>\n<meta property=\"article:publisher\" content=\"https:\/\/www.facebook.com\/CampingThesauque\/\" \/>\n<meta property=\"article:modified_time\" content=\"2023-06-16T08:08:53+00:00\" \/>\n<meta property=\"og:image\" content=\"https:\/\/www.campingthesauque.com\/wp-content\/uploads\/2022\/02\/bar-toulouse.jpg\" \/>\n\t<meta property=\"og:image:width\" content=\"1904\" \/>\n\t<meta property=\"og:image:height\" content=\"600\" \/>\n\t<meta property=\"og:image:type\" content=\"image\/jpeg\" \/>\n<meta name=\"twitter:card\" content=\"summary_large_image\" \/>\n<script type=\"application\/ld+json\" class=\"yoast-schema-graph\">{\"@context\":\"https:\/\/schema.org\",\"@graph\":[{\"@type\":\"WebPage\",\"@id\":\"https:\/\/www.campingthesauque.com\/es\/restaurante-montgeard\/\",\"url\":\"https:\/\/www.campingthesauque.com\/es\/restaurante-montgeard\/\",\"name\":\"Catering en Montgeard | Bar, restaurante cerca de Toulouse (31)\",\"isPartOf\":{\"@id\":\"https:\/\/www.campingthesauque.com\/es\/#website\"},\"primaryImageOfPage\":{\"@id\":\"https:\/\/www.campingthesauque.com\/es\/restaurante-montgeard\/#primaryimage\"},\"image\":{\"@id\":\"https:\/\/www.campingthesauque.com\/es\/restaurante-montgeard\/#primaryimage\"},\"thumbnailUrl\":\"https:\/\/www.campingthesauque.com\/wp-content\/uploads\/2022\/02\/bar-toulouse.jpg\",\"datePublished\":\"2022-01-21T16:07:36+00:00\",\"dateModified\":\"2023-06-16T08:08:53+00:00\",\"breadcrumb\":{\"@id\":\"https:\/\/www.campingthesauque.com\/es\/restaurante-montgeard\/#breadcrumb\"},\"inLanguage\":\"es\",\"potentialAction\":[{\"@type\":\"ReadAction\",\"target\":[\"https:\/\/www.campingthesauque.com\/es\/restaurante-montgeard\/\"]}]},{\"@type\":\"ImageObject\",\"inLanguage\":\"es\",\"@id\":\"https:\/\/www.campingthesauque.com\/es\/restaurante-montgeard\/#primaryimage\",\"url\":\"https:\/\/www.campingthesauque.com\/wp-content\/uploads\/2022\/02\/bar-toulouse.jpg\",\"contentUrl\":\"https:\/\/www.campingthesauque.com\/wp-content\/uploads\/2022\/02\/bar-toulouse.jpg\",\"width\":1904,\"height\":600,\"caption\":\"bar toulouse\"},{\"@type\":\"BreadcrumbList\",\"@id\":\"https:\/\/www.campingthesauque.com\/es\/restaurante-montgeard\/#breadcrumb\",\"itemListElement\":[{\"@type\":\"ListItem\",\"position\":1,\"name\":\"Camping Toulouse\",\"item\":\"https:\/\/www.campingthesauque.com\/es\/\"},{\"@type\":\"ListItem\",\"position\":2,\"name\":\"Catering en Montgeard\"}]},{\"@type\":\"WebSite\",\"@id\":\"https:\/\/www.campingthesauque.com\/es\/#website\",\"url\":\"https:\/\/www.campingthesauque.com\/es\/\",\"name\":\"Camping le Lac de la Th\u00e9sauque\",\"description\":\"\",\"publisher\":{\"@id\":\"https:\/\/www.campingthesauque.com\/es\/#organization\"},\"potentialAction\":[{\"@type\":\"SearchAction\",\"target\":{\"@type\":\"EntryPoint\",\"urlTemplate\":\"https:\/\/www.campingthesauque.com\/es\/?s={search_term_string}\"},\"query-input\":{\"@type\":\"PropertyValueSpecification\",\"valueRequired\":true,\"valueName\":\"search_term_string\"}}],\"inLanguage\":\"es\"},{\"@type\":\"Organization\",\"@id\":\"https:\/\/www.campingthesauque.com\/es\/#organization\",\"name\":\"Camping du Lac de la Th\u00e9sauque\",\"url\":\"https:\/\/www.campingthesauque.com\/es\/\",\"logo\":{\"@type\":\"ImageObject\",\"inLanguage\":\"es\",\"@id\":\"https:\/\/www.campingthesauque.com\/es\/#\/schema\/logo\/image\/\",\"url\":\"https:\/\/www.campingthesauque.com\/wp-content\/uploads\/2022\/01\/logo-camping.png\",\"contentUrl\":\"https:\/\/www.campingthesauque.com\/wp-content\/uploads\/2022\/01\/logo-camping.png\",\"width\":411,\"height\":92,\"caption\":\"Camping du Lac de la Th\u00e9sauque\"},\"image\":{\"@id\":\"https:\/\/www.campingthesauque.com\/es\/#\/schema\/logo\/image\/\"},\"sameAs\":[\"https:\/\/www.facebook.com\/CampingThesauque\/\"]}]}<\/script>\n<!-- \/ Yoast SEO plugin. -->","yoast_head_json":{"title":"Catering en Montgeard | Bar, restaurante cerca de Toulouse (31)","robots":{"index":"index","follow":"follow","max-snippet":"max-snippet:-1","max-image-preview":"max-image-preview:large","max-video-preview":"max-video-preview:-1"},"canonical":"https:\/\/www.campingthesauque.com\/es\/restaurante-montgeard\/","og_locale":"es_ES","og_type":"article","og_title":"Catering en Montgeard | Bar, restaurante cerca de Toulouse (31)","og_url":"https:\/\/www.campingthesauque.com\/es\/restaurante-montgeard\/","og_site_name":"Camping le Lac de la Th\u00e9sauque","article_publisher":"https:\/\/www.facebook.com\/CampingThesauque\/","article_modified_time":"2023-06-16T08:08:53+00:00","og_image":[{"width":1904,"height":600,"url":"https:\/\/www.campingthesauque.com\/wp-content\/uploads\/2022\/02\/bar-toulouse.jpg","type":"image\/jpeg"}],"twitter_card":"summary_large_image","schema":{"@context":"https:\/\/schema.org","@graph":[{"@type":"WebPage","@id":"https:\/\/www.campingthesauque.com\/es\/restaurante-montgeard\/","url":"https:\/\/www.campingthesauque.com\/es\/restaurante-montgeard\/","name":"Catering en Montgeard | Bar, restaurante cerca de Toulouse (31)","isPartOf":{"@id":"https:\/\/www.campingthesauque.com\/es\/#website"},"primaryImageOfPage":{"@id":"https:\/\/www.campingthesauque.com\/es\/restaurante-montgeard\/#primaryimage"},"image":{"@id":"https:\/\/www.campingthesauque.com\/es\/restaurante-montgeard\/#primaryimage"},"thumbnailUrl":"https:\/\/www.campingthesauque.com\/wp-content\/uploads\/2022\/02\/bar-toulouse.jpg","datePublished":"2022-01-21T16:07:36+00:00","dateModified":"2023-06-16T08:08:53+00:00","breadcrumb":{"@id":"https:\/\/www.campingthesauque.com\/es\/restaurante-montgeard\/#breadcrumb"},"inLanguage":"es","potentialAction":[{"@type":"ReadAction","target":["https:\/\/www.campingthesauque.com\/es\/restaurante-montgeard\/"]}]},{"@type":"ImageObject","inLanguage":"es","@id":"https:\/\/www.campingthesauque.com\/es\/restaurante-montgeard\/#primaryimage","url":"https:\/\/www.campingthesauque.com\/wp-content\/uploads\/2022\/02\/bar-toulouse.jpg","contentUrl":"https:\/\/www.campingthesauque.com\/wp-content\/uploads\/2022\/02\/bar-toulouse.jpg","width":1904,"height":600,"caption":"bar toulouse"},{"@type":"BreadcrumbList","@id":"https:\/\/www.campingthesauque.com\/es\/restaurante-montgeard\/#breadcrumb","itemListElement":[{"@type":"ListItem","position":1,"name":"Camping Toulouse","item":"https:\/\/www.campingthesauque.com\/es\/"},{"@type":"ListItem","position":2,"name":"Catering en Montgeard"}]},{"@type":"WebSite","@id":"https:\/\/www.campingthesauque.com\/es\/#website","url":"https:\/\/www.campingthesauque.com\/es\/","name":"Camping le Lac de la Th\u00e9sauque","description":"","publisher":{"@id":"https:\/\/www.campingthesauque.com\/es\/#organization"},"potentialAction":[{"@type":"SearchAction","target":{"@type":"EntryPoint","urlTemplate":"https:\/\/www.campingthesauque.com\/es\/?s={search_term_string}"},"query-input":{"@type":"PropertyValueSpecification","valueRequired":true,"valueName":"search_term_string"}}],"inLanguage":"es"},{"@type":"Organization","@id":"https:\/\/www.campingthesauque.com\/es\/#organization","name":"Camping du Lac de la Th\u00e9sauque","url":"https:\/\/www.campingthesauque.com\/es\/","logo":{"@type":"ImageObject","inLanguage":"es","@id":"https:\/\/www.campingthesauque.com\/es\/#\/schema\/logo\/image\/","url":"https:\/\/www.campingthesauque.com\/wp-content\/uploads\/2022\/01\/logo-camping.png","contentUrl":"https:\/\/www.campingthesauque.com\/wp-content\/uploads\/2022\/01\/logo-camping.png","width":411,"height":92,"caption":"Camping du Lac de la Th\u00e9sauque"},"image":{"@id":"https:\/\/www.campingthesauque.com\/es\/#\/schema\/logo\/image\/"},"sameAs":["https:\/\/www.facebook.com\/CampingThesauque\/"]}]}},"_links":{"self":[{"href":"https:\/\/www.campingthesauque.com\/es\/wp-json\/wp\/v2\/pages\/2396","targetHints":{"allow":["GET"]}}],"collection":[{"href":"https:\/\/www.campingthesauque.com\/es\/wp-json\/wp\/v2\/pages"}],"about":[{"href":"https:\/\/www.campingthesauque.com\/es\/wp-json\/wp\/v2\/types\/page"}],"author":[{"embeddable":true,"href":"https:\/\/www.campingthesauque.com\/es\/wp-json\/wp\/v2\/users\/1"}],"replies":[{"embeddable":true,"href":"https:\/\/www.campingthesauque.com\/es\/wp-json\/wp\/v2\/comments?post=2396"}],"version-history":[{"count":2,"href":"https:\/\/www.campingthesauque.com\/es\/wp-json\/wp\/v2\/pages\/2396\/revisions"}],"predecessor-version":[{"id":4434,"href":"https:\/\/www.campingthesauque.com\/es\/wp-json\/wp\/v2\/pages\/2396\/revisions\/4434"}],"wp:featuredmedia":[{"embeddable":true,"href":"https:\/\/www.campingthesauque.com\/es\/wp-json\/wp\/v2\/media\/823"}],"wp:attachment":[{"href":"https:\/\/www.campingthesauque.com\/es\/wp-json\/wp\/v2\/media?parent=2396"}],"curies":[{"name":"wp","href":"https:\/\/api.w.org\/{rel}","templated":true}]}}