{"id":2389,"date":"2022-03-04T12:18:44","date_gmt":"2022-03-04T11:18:44","guid":{"rendered":"https:\/\/www.campingthesauque.com\/politique-de-confidentialite\/"},"modified":"2023-05-16T16:10:47","modified_gmt":"2023-05-16T14:10:47","slug":"politica-de-privacidad","status":"publish","type":"page","link":"https:\/\/www.campingthesauque.com\/es\/politica-de-privacidad\/","title":{"rendered":"Politique de confidentialit\u00e9"},"content":{"rendered":"<section id=\"section-6221f714c23a9\"\" class=\"section bg-white\" \/><div class=\"container extralarge\"><h1 class=\"element section-title center\">POL\u00cdTICA DE PRIVACIDAD<\/h1><div class=\"element bloc-text justify \">\n\t<p><!-- wp:paragraph --><\/p>\n<p class=\"ls-paragraph\">Esta pol\u00edtica de privacidad describe los datos personales que se recogen o generan (procesan) cuando usted utiliza el sitio web. Esta pol\u00edtica de privacidad describe los tipos de datos personales que se recogen cuando usted utiliza nuestro sitio y c\u00f3mo se utilizan, comparten y protegen sus datos personales. Tambi\u00e9n explica las opciones que tiene en relaci\u00f3n con sus datos personales y c\u00f3mo ponerse en contacto con nosotros.<\/p>\n<p><!-- \/wp:paragraph --> <!-- wp:heading --><\/p>\n<h2 class=\"ls-heading\">\u00cdndice de contenidos<\/h2>\n<p><!-- \/wp:heading --> <!-- wp:list {\"ordered\":true} --><\/p>\n<ol class=\"ls-list\">\n<li><a href=\"#gdpr-1\">\u00bfQui\u00e9nes somos?<\/a><\/li>\n<li><a href=\"#gdpr-2\">Uso de los datos personales recogidos<\/a><\/li>\n<li><a href=\"#gdpr-3\">Comentarios<\/a><\/li>\n<li><a href=\"#gdpr-4\">Medios de comunicaci\u00f3n<\/a><\/li>\n<li><a href=\"#gdpr-5\">Formularios de contacto<\/a><\/li>\n<li><a href=\"#gdpr-6\">Uso de cookies<\/a><\/li>\n<li><a href=\"#gdpr-7\">Estad\u00edsticas y medici\u00f3n de la audiencia<\/a><\/li>\n<li><a href=\"#gdpr-8\">Cu\u00e1nto tiempo se almacenan sus datos<\/a><\/li>\n<li><a href=\"#gdpr-9\">Los derechos que tiene sobre sus datos<\/a><\/li>\n<li><a href=\"#gdpr-10\">Transmisi\u00f3n de sus datos personales<\/a><\/li>\n<li><a href=\"#gdpr-11\">C\u00f3mo protegemos sus datos<\/a><\/li>\n<li><a href=\"#gdpr-12\">Informaci\u00f3n de contacto<\/a><\/li>\n<\/ol>\n<p><!-- \/wp:list --> <!-- wp:heading --><\/p>\n<h2 id=\"gdpr-1\" class=\"ls-heading\">\u00bfQui\u00e9nes somos?<\/h2>\n<p><!-- \/wp:heading --> <!-- wp:paragraph --><\/p>\n<p class=\"ls-paragraph\">Conoce toda nuestra informaci\u00f3n en la p\u00e1gina <a href=\"\/es\/avisos-legales\/\">informaci\u00f3n legal<\/a>.<\/p>\n<p><!-- \/wp:paragraph --> <!-- wp:heading --><\/p>\n<h2 id=\"gdpr-2\" class=\"ls-heading\">Uso de los datos personales recogidos<\/h2>\n<p><!-- \/wp:heading --> <!-- wp:paragraph --><\/p>\n<p class=\"ls-paragraph\">No recogemos autom\u00e1tica y directamente ning\u00fan dato sobre usted.<\/p>\n<p><!-- \/wp:paragraph --> <!-- wp:paragraph --><\/p>\n<p class=\"ls-paragraph\">No obstante, podemos recopilar informaci\u00f3n, incluida la informaci\u00f3n personal, de terceros (ver secci\u00f3n <a href=\"#gdpr-5\">Cookies<\/a>).<\/p>\n<p><!-- \/wp:paragraph --> <!-- wp:heading --><\/p>\n<h2 id=\"gdpr-3\" class=\"ls-heading\">Comentarios<\/h2>\n<p><!-- \/wp:heading --> <!-- wp:paragraph --><\/p>\n<p class=\"ls-paragraph\">Cuando deja un comentario en nuestro sitio web, no s\u00f3lo se recogen los datos introducidos en el formulario de comentarios, sino tambi\u00e9n su direcci\u00f3n IP y el agente de usuario del navegador para ayudarnos a detectar comentarios no deseados.<\/p>\n<p><!-- \/wp:paragraph --> <!-- wp:paragraph --><\/p>\n<p class=\"ls-paragraph\">Una cadena an\u00f3nima creada a partir de tu direcci\u00f3n de correo electr\u00f3nico (tambi\u00e9n conocida como hash) puede ser enviada al servicio Gravatar para comprobar si lo est\u00e1s utilizando. Las condiciones de privacidad del servicio <a href=\"https:\/\/automattic.com\/privacy\/\">Gravatar<\/a> est\u00e1n disponibles. Tras la validaci\u00f3n de su comentario, su foto de perfil ser\u00e1 visible p\u00fablicamente junto a su comentario.<\/p>\n<p><!-- \/wp:paragraph --> <!-- wp:heading --><\/p>\n<h2 id=\"gdpr-4\" class=\"ls-heading\">Medios de comunicaci\u00f3n<\/h2>\n<p><!-- \/wp:heading --> <!-- wp:paragraph --><\/p>\n<p class=\"ls-paragraph\">Si eres un usuario registrado y subes im\u00e1genes al sitio web, te aconsejamos que evites subir im\u00e1genes que contengan datos EXIF de coordenadas GPS. Los visitantes de su sitio web pueden descargar y extraer datos de localizaci\u00f3n de estas im\u00e1genes.<\/p>\n<p><!-- \/wp:paragraph --> <!-- wp:heading --><\/p>\n<h2 id=\"gdpr-5\" class=\"ls-heading\">Formularios de contacto<\/h2>\n<p><!-- \/wp:heading --> <!-- wp:paragraph --><\/p>\n<p class=\"ls-paragraph\">Puede optar por proporcionarnos informaci\u00f3n al rellenar un formulario, esta informaci\u00f3n se nos enviar\u00e1 por correo electr\u00f3nico y no se almacenar\u00e1 en ning\u00fan otro lugar que no sea nuestro servicio de correo electr\u00f3nico, y se utilizar\u00e1 con el \u00fanico fin de responder a su solicitud. Si la informaci\u00f3n puede utilizarse con fines comerciales, se indicar\u00e1 al final del formulario. Siempre le pediremos su consentimiento cuando recojamos informaci\u00f3n a trav\u00e9s de un formulario.<\/p>\n<p><!-- \/wp:paragraph --> <!-- wp:heading --><\/p>\n<h2 id=\"gdpr-6\" class=\"ls-heading\">Uso de cookies<\/h2>\n<p><!-- \/wp:heading --> <!-- wp:paragraph --><\/p>\n<p class=\"ls-paragraph\"><strong><span class=\"has-inline-color has-color-1-color\">\u00bfQu\u00e9 es una cookie?<\/span><\/strong><\/p>\n<p><!-- \/wp:paragraph --> <!-- wp:paragraph --><\/p>\n<p class=\"ls-paragraph\">Una cookie es un peque\u00f1o archivo de datos que se transfiere y almacena en su dispositivo. En la pr\u00e1ctica, una cookie nos permite reconocer su navegador, su idioma o almacenar sus preferencias.<br \/>\nEn nuestro sitio se utilizan dos tipos de cookies: \u00abcookies de sesi\u00f3n\u00bb y \u00abcookies persistentes\u00bb. Las cookies de sesi\u00f3n expiran cuando usted cierra su navegador, mientras que las cookies persistentes permanecen en su dispositivo despu\u00e9s de cerrar su navegador y pueden ser utilizadas de nuevo la pr\u00f3xima vez que visite nuestro sitio.<\/p>\n<p><!-- \/wp:paragraph --> <!-- wp:paragraph --><\/p>\n<p class=\"ls-paragraph\">M\u00e1s informaci\u00f3n sobre <a href=\"https:\/\/allaboutcookies.org\/es\" target=\"_blank\" rel=\"noreferrer noopener\">allaboutcookies.org<\/a>.<\/p>\n<p><!-- \/wp:paragraph --> <!-- wp:paragraph --><\/p>\n<p class=\"ls-paragraph\"><strong><span class=\"has-inline-color has-color-1-color\">Nuestras cookies<\/span><\/strong><\/p>\n<p><!-- \/wp:paragraph --> <!-- wp:paragraph --><\/p>\n<p class=\"ls-paragraph\">Si deja un comentario en nuestro sitio, se le ofrecer\u00e1 la oportunidad de guardar su nombre, direcci\u00f3n de correo electr\u00f3nico y sitio web en las cookies. Esto es s\u00f3lo para su comodidad, para que no tenga que introducir esta informaci\u00f3n si publica otro comentario m\u00e1s tarde. Estas cookies caducan al cabo de un a\u00f1o.<\/p>\n<p><!-- \/wp:paragraph --> <!-- wp:paragraph --><\/p>\n<p class=\"ls-paragraph\">Si tiene una cuenta y se conecta a este sitio, se crear\u00e1 una cookie temporal para determinar si su navegador acepta cookies. No contiene ning\u00fan dato personal y se eliminar\u00e1 autom\u00e1ticamente al cerrar el navegador.<\/p>\n<p><!-- \/wp:paragraph --> <!-- wp:paragraph --><\/p>\n<p class=\"ls-paragraph\">Al iniciar la sesi\u00f3n, estableceremos una serie de cookies para almacenar su informaci\u00f3n de inicio de sesi\u00f3n y sus preferencias de pantalla. La vida de una cookie de conexi\u00f3n es de dos d\u00edas, la de una cookie de opci\u00f3n de pantalla es de un a\u00f1o. Si marca la opci\u00f3n \u00abRecordarme\u00bb, su cookie de inicio de sesi\u00f3n se conservar\u00e1 durante quince d\u00edas. Si cierra la sesi\u00f3n de su cuenta, la cookie de inicio de sesi\u00f3n se eliminar\u00e1.<\/p>\n<p><!-- \/wp:paragraph --> <!-- wp:paragraph --><\/p>\n<p class=\"ls-paragraph\">Al editar o publicar un art\u00edculo, se almacenar\u00e1 una cookie adicional en su navegador. Esta cookie no contiene ning\u00fan dato personal. Simplemente indica el identificador del art\u00edculo que acaba de modificar. Caduca al cabo de un d\u00eda.<\/p>\n<p><!-- \/wp:paragraph --> <!-- wp:paragraph --><\/p>\n<p class=\"ls-paragraph\"><strong><span class=\"has-inline-color has-color-1-color\">Cookies de terceros<\/span><\/strong><\/p>\n<p><!-- \/wp:paragraph --> <!-- wp:paragraph --><\/p>\n<p class=\"ls-paragraph\">Los art\u00edculos de este sitio pueden incluir contenido incrustado (por ejemplo, v\u00eddeos, im\u00e1genes, art\u00edculos&#8230;). El contenido incrustado de otros sitios se comporta de la misma manera que si el visitante estuviera en ese otro sitio.<\/p>\n<p><!-- \/wp:paragraph --> <!-- wp:paragraph --><\/p>\n<p class=\"ls-paragraph\">Estos sitios web pueden recopilar datos sobre usted, utilizar cookies, incrustar herramientas de seguimiento de terceros, rastrear sus interacciones con estos contenidos incrustados si tiene una cuenta iniciada en su sitio web.<\/p>\n<p><!-- \/wp:paragraph --> <!-- wp:paragraph --><\/p>\n<p class=\"ls-paragraph\">Podemos permitir que ciertos socios comerciales instalen tecnolog\u00edas en nuestro sitio. Estos socios utilizan estas tecnolog\u00edas para ayudarnos a analizar c\u00f3mo utiliza usted el sitio, por ejemplo, tomando nota de los servicios de terceros a trav\u00e9s de los cuales lleg\u00f3 a la Plataforma, para comercializar y promocionar nuestros servicios en nuestro sitio y en sitios web de terceros, para ayudarnos a detectar y prevenir el fraude o realizar evaluaciones de riesgo, o para recopilar informaci\u00f3n sobre sus actividades en el sitio web.<\/p>\n<p><!-- \/wp:paragraph --> <!-- wp:paragraph --><\/p>\n<p class=\"ls-paragraph\">Nuestro sitio web puede utilizar plugins sociales proporcionados y operados por terceras empresas, como el bot\u00f3n \u00abMe gusta\u00bb de Facebook. En consecuencia, puede enviar a terceros la informaci\u00f3n que vea en una zona concreta de nuestro sitio. Si no est\u00e1 conectado a su cuenta con el tercero, \u00e9ste no sabr\u00e1 qui\u00e9n es usted. Si est\u00e1 conectado a su cuenta con el tercero, \u00e9ste puede vincular la informaci\u00f3n o las acciones relacionadas con sus interacciones con nuestro sitio a su cuenta con el tercero. Por favor, consulte la pol\u00edtica de privacidad de la tercera parte para saber m\u00e1s sobre sus pr\u00e1cticas de datos.<\/p>\n<p><!-- \/wp:paragraph --> <!-- wp:paragraph --><\/p>\n<p class=\"ls-paragraph\">La lista de cookies de terceros utilizadas en este sitio est\u00e1 disponible en el <a href=\"\/#moove_gdpr_cookie_modal\">panel de gesti\u00f3n de cookies<\/a>.<\/p>\n<p><!-- \/wp:paragraph --> <!-- wp:heading --><\/p>\n<h2 id=\"gdpr-7\" class=\"ls-heading\">Estad\u00edsticas y medici\u00f3n de la audiencia<\/h2>\n<p><!-- \/wp:heading --> <!-- wp:paragraph --><\/p>\n<p class=\"ls-paragraph\">En t\u00e9rminos de an\u00e1lisis, trabajamos con Google Analytics para obtener informaci\u00f3n sobre el uso de nuestro sitio web con el fin de mejorarlo. Esto se puede desactivar desde el <a href=\"\/#moove_gdpr_cookie_modal\">panel de gesti\u00f3n de cookies<\/a>.<\/p>\n<p><!-- \/wp:paragraph --> <!-- wp:paragraph --><\/p>\n<p class=\"ls-paragraph\">Para evitar que Google Analytics utilice su informaci\u00f3n para el an\u00e1lisis, tambi\u00e9n puede instalar el complemento de inhabilitaci\u00f3n para navegadores de Google Analytics haciendo clic en <a href=\"https:\/\/tools.google.com\/dlpage\/gaoptout\" target=\"_blank\" rel=\"noreferrer noopener\">aqu\u00ed<\/a>. Tenga en cuenta que no tenemos ning\u00fan control sobre este enlace de exclusi\u00f3n y no somos responsables de la disponibilidad o exactitud de este mecanismo. Consulte <a href=\"https:\/\/support.google.com\/analytics\/answer\/6004245?hl=es\" target=\"_blank\" rel=\"noreferrer noopener\">esta documentaci\u00f3n<\/a> para obtener m\u00e1s informaci\u00f3n.<\/p>\n<p><!-- \/wp:paragraph --> <!-- wp:heading --><\/p>\n<h2 id=\"gdpr-8\" class=\"ls-heading\">Cu\u00e1nto tiempo se almacenan sus datos<\/h2>\n<p><!-- \/wp:heading --> <!-- wp:paragraph --><\/p>\n<p class=\"ls-paragraph\">Si deja un comentario, el comentario y sus metadatos se conservan indefinidamente. Esto permite que los comentarios posteriores se reconozcan y aprueben autom\u00e1ticamente en lugar de quedar en la cola de moderaci\u00f3n.<\/p>\n<p><!-- \/wp:paragraph --> <!-- wp:paragraph --><\/p>\n<p class=\"ls-paragraph\">Para los usuarios que se registran en nuestro sitio (si es posible), tambi\u00e9n almacenamos los datos personales indicados en su perfil. Todos los usuarios pueden ver, editar o eliminar su informaci\u00f3n personal en cualquier momento (a excepci\u00f3n de su nombre de usuario). Los administradores del sitio tambi\u00e9n pueden ver y modificar esta informaci\u00f3n.<\/p>\n<p><!-- \/wp:paragraph --> <!-- wp:heading --><\/p>\n<h2 id=\"gdpr-9\" class=\"ls-heading\">Los derechos que tiene sobre sus datos<\/h2>\n<p><!-- \/wp:heading --> <!-- wp:paragraph --><\/p>\n<p class=\"ls-paragraph\">Si tiene una cuenta o ha dejado comentarios en el sitio, puede solicitar que le enviemos un archivo con todos los datos personales que tenemos sobre usted, incluidos los que nos ha proporcionado. Tambi\u00e9n puede solicitar la supresi\u00f3n de sus datos personales. Esto no incluye los datos almacenados con fines administrativos, legales o de seguridad.<\/p>\n<p><!-- \/wp:paragraph --> <!-- wp:heading --><\/p>\n<h2 id=\"gdpr-10\" class=\"ls-heading\">Transmisi\u00f3n de sus datos personales<\/h2>\n<p><!-- \/wp:heading --> <!-- wp:paragraph --><\/p>\n<p class=\"ls-paragraph\">Los comentarios de los visitantes pueden ser revisados con un servicio autom\u00e1tico de detecci\u00f3n de spam<br \/>\nTodos los datos personales que tratamos se procesan en la Uni\u00f3n Europea.<\/p>\n<p><!-- \/wp:paragraph --> <!-- wp:heading --><\/p>\n<h2 id=\"gdpr-11\" class=\"ls-heading\">C\u00f3mo protegemos sus datos<\/h2>\n<p><!-- \/wp:heading --> <!-- wp:paragraph --><\/p>\n<p class=\"ls-paragraph\">Implementamos y actualizamos continuamente la <strong>seguridad<\/strong> del sitio para proteger su informaci\u00f3n del acceso no autorizado, p\u00e9rdida, destrucci\u00f3n o alteraci\u00f3n. Por ello, trabajamos para que sus datos sean lo m\u00e1s invulnerables posible. Dado que Internet no es un entorno 100% seguro, no podemos garantizar plenamente la seguridad de la transmisi\u00f3n o el almacenamiento de su informaci\u00f3n.<\/p>\n<p><!-- \/wp:paragraph --> <!-- wp:heading --><\/p>\n<h2 id=\"gdpr-12\" class=\"ls-heading\">Informaci\u00f3n de contacto<\/h2>\n<p><!-- \/wp:heading --> <!-- wp:paragraph --><\/p>\n<p class=\"ls-paragraph\">Si tiene alguna solicitud o pregunta sobre sus datos personales, p\u00f3ngase en contacto con nosotros en rgpd@geek-tonic.com, otros datos de contacto est\u00e1n disponibles en nuestro <a href=\"\/es\/avisos-legales\/\">aviso legal<\/a>. Tenga en cuenta que podemos pedirle que verifique su identidad antes de dar curso a su solicitud.<\/p>\n<p><!-- \/wp:paragraph --><\/p>\n<\/div><\/div><\/section>","protected":false},"excerpt":{"rendered":"","protected":false},"author":1,"featured_media":0,"parent":0,"menu_order":0,"comment_status":"closed","ping_status":"closed","template":"","meta":{"_acf_changed":false,"footnotes":""},"class_list":["post-2389","page","type-page","status-publish","hentry"],"acf":[],"yoast_head":"<!-- This site is optimized with the Yoast SEO plugin v25.3 - https:\/\/yoast.com\/wordpress\/plugins\/seo\/ -->\n<title>Pol\u00edtica de privacidad | Camping le Lac de la Th\u00e9sauque<\/title>\n<meta name=\"robots\" content=\"noindex, nofollow\" \/>\n<meta property=\"og:locale\" content=\"es_ES\" \/>\n<meta property=\"og:type\" content=\"article\" \/>\n<meta property=\"og:title\" content=\"Pol\u00edtica de privacidad | Camping le Lac de la Th\u00e9sauque\" \/>\n<meta property=\"og:url\" content=\"https:\/\/www.campingthesauque.com\/es\/politica-de-privacidad\/\" \/>\n<meta property=\"og:site_name\" content=\"Camping le Lac de la Th\u00e9sauque\" \/>\n<meta property=\"article:publisher\" content=\"https:\/\/www.facebook.com\/CampingThesauque\/\" \/>\n<meta property=\"article:modified_time\" content=\"2023-05-16T14:10:47+00:00\" \/>\n<meta name=\"twitter:card\" content=\"summary_large_image\" \/>\n<script type=\"application\/ld+json\" class=\"yoast-schema-graph\">{\"@context\":\"https:\/\/schema.org\",\"@graph\":[{\"@type\":\"WebPage\",\"@id\":\"https:\/\/www.campingthesauque.com\/es\/politica-de-privacidad\/\",\"url\":\"https:\/\/www.campingthesauque.com\/es\/politica-de-privacidad\/\",\"name\":\"Pol\u00edtica de privacidad | Camping le Lac de la Th\u00e9sauque\",\"isPartOf\":{\"@id\":\"https:\/\/www.campingthesauque.com\/es\/#website\"},\"datePublished\":\"2022-03-04T11:18:44+00:00\",\"dateModified\":\"2023-05-16T14:10:47+00:00\",\"breadcrumb\":{\"@id\":\"https:\/\/www.campingthesauque.com\/es\/politica-de-privacidad\/#breadcrumb\"},\"inLanguage\":\"es\",\"potentialAction\":[{\"@type\":\"ReadAction\",\"target\":[\"https:\/\/www.campingthesauque.com\/es\/politica-de-privacidad\/\"]}]},{\"@type\":\"BreadcrumbList\",\"@id\":\"https:\/\/www.campingthesauque.com\/es\/politica-de-privacidad\/#breadcrumb\",\"itemListElement\":[{\"@type\":\"ListItem\",\"position\":1,\"name\":\"Camping Toulouse\",\"item\":\"https:\/\/www.campingthesauque.com\/es\/\"},{\"@type\":\"ListItem\",\"position\":2,\"name\":\"Pol\u00edtica de privacidad\"}]},{\"@type\":\"WebSite\",\"@id\":\"https:\/\/www.campingthesauque.com\/es\/#website\",\"url\":\"https:\/\/www.campingthesauque.com\/es\/\",\"name\":\"Camping le Lac de la Th\u00e9sauque\",\"description\":\"\",\"publisher\":{\"@id\":\"https:\/\/www.campingthesauque.com\/es\/#organization\"},\"potentialAction\":[{\"@type\":\"SearchAction\",\"target\":{\"@type\":\"EntryPoint\",\"urlTemplate\":\"https:\/\/www.campingthesauque.com\/es\/?s={search_term_string}\"},\"query-input\":{\"@type\":\"PropertyValueSpecification\",\"valueRequired\":true,\"valueName\":\"search_term_string\"}}],\"inLanguage\":\"es\"},{\"@type\":\"Organization\",\"@id\":\"https:\/\/www.campingthesauque.com\/es\/#organization\",\"name\":\"Camping du Lac de la Th\u00e9sauque\",\"url\":\"https:\/\/www.campingthesauque.com\/es\/\",\"logo\":{\"@type\":\"ImageObject\",\"inLanguage\":\"es\",\"@id\":\"https:\/\/www.campingthesauque.com\/es\/#\/schema\/logo\/image\/\",\"url\":\"https:\/\/www.campingthesauque.com\/wp-content\/uploads\/2022\/01\/logo-camping.png\",\"contentUrl\":\"https:\/\/www.campingthesauque.com\/wp-content\/uploads\/2022\/01\/logo-camping.png\",\"width\":411,\"height\":92,\"caption\":\"Camping du Lac de la Th\u00e9sauque\"},\"image\":{\"@id\":\"https:\/\/www.campingthesauque.com\/es\/#\/schema\/logo\/image\/\"},\"sameAs\":[\"https:\/\/www.facebook.com\/CampingThesauque\/\"]}]}<\/script>\n<!-- \/ Yoast SEO plugin. -->","yoast_head_json":{"title":"Pol\u00edtica de privacidad | Camping le Lac de la Th\u00e9sauque","robots":{"index":"noindex","follow":"nofollow"},"og_locale":"es_ES","og_type":"article","og_title":"Pol\u00edtica de privacidad | Camping le Lac de la Th\u00e9sauque","og_url":"https:\/\/www.campingthesauque.com\/es\/politica-de-privacidad\/","og_site_name":"Camping le Lac de la Th\u00e9sauque","article_publisher":"https:\/\/www.facebook.com\/CampingThesauque\/","article_modified_time":"2023-05-16T14:10:47+00:00","twitter_card":"summary_large_image","schema":{"@context":"https:\/\/schema.org","@graph":[{"@type":"WebPage","@id":"https:\/\/www.campingthesauque.com\/es\/politica-de-privacidad\/","url":"https:\/\/www.campingthesauque.com\/es\/politica-de-privacidad\/","name":"Pol\u00edtica de privacidad | Camping le Lac de la Th\u00e9sauque","isPartOf":{"@id":"https:\/\/www.campingthesauque.com\/es\/#website"},"datePublished":"2022-03-04T11:18:44+00:00","dateModified":"2023-05-16T14:10:47+00:00","breadcrumb":{"@id":"https:\/\/www.campingthesauque.com\/es\/politica-de-privacidad\/#breadcrumb"},"inLanguage":"es","potentialAction":[{"@type":"ReadAction","target":["https:\/\/www.campingthesauque.com\/es\/politica-de-privacidad\/"]}]},{"@type":"BreadcrumbList","@id":"https:\/\/www.campingthesauque.com\/es\/politica-de-privacidad\/#breadcrumb","itemListElement":[{"@type":"ListItem","position":1,"name":"Camping Toulouse","item":"https:\/\/www.campingthesauque.com\/es\/"},{"@type":"ListItem","position":2,"name":"Pol\u00edtica de privacidad"}]},{"@type":"WebSite","@id":"https:\/\/www.campingthesauque.com\/es\/#website","url":"https:\/\/www.campingthesauque.com\/es\/","name":"Camping le Lac de la Th\u00e9sauque","description":"","publisher":{"@id":"https:\/\/www.campingthesauque.com\/es\/#organization"},"potentialAction":[{"@type":"SearchAction","target":{"@type":"EntryPoint","urlTemplate":"https:\/\/www.campingthesauque.com\/es\/?s={search_term_string}"},"query-input":{"@type":"PropertyValueSpecification","valueRequired":true,"valueName":"search_term_string"}}],"inLanguage":"es"},{"@type":"Organization","@id":"https:\/\/www.campingthesauque.com\/es\/#organization","name":"Camping du Lac de la Th\u00e9sauque","url":"https:\/\/www.campingthesauque.com\/es\/","logo":{"@type":"ImageObject","inLanguage":"es","@id":"https:\/\/www.campingthesauque.com\/es\/#\/schema\/logo\/image\/","url":"https:\/\/www.campingthesauque.com\/wp-content\/uploads\/2022\/01\/logo-camping.png","contentUrl":"https:\/\/www.campingthesauque.com\/wp-content\/uploads\/2022\/01\/logo-camping.png","width":411,"height":92,"caption":"Camping du Lac de la Th\u00e9sauque"},"image":{"@id":"https:\/\/www.campingthesauque.com\/es\/#\/schema\/logo\/image\/"},"sameAs":["https:\/\/www.facebook.com\/CampingThesauque\/"]}]}},"_links":{"self":[{"href":"https:\/\/www.campingthesauque.com\/es\/wp-json\/wp\/v2\/pages\/2389","targetHints":{"allow":["GET"]}}],"collection":[{"href":"https:\/\/www.campingthesauque.com\/es\/wp-json\/wp\/v2\/pages"}],"about":[{"href":"https:\/\/www.campingthesauque.com\/es\/wp-json\/wp\/v2\/types\/page"}],"author":[{"embeddable":true,"href":"https:\/\/www.campingthesauque.com\/es\/wp-json\/wp\/v2\/users\/1"}],"replies":[{"embeddable":true,"href":"https:\/\/www.campingthesauque.com\/es\/wp-json\/wp\/v2\/comments?post=2389"}],"version-history":[{"count":0,"href":"https:\/\/www.campingthesauque.com\/es\/wp-json\/wp\/v2\/pages\/2389\/revisions"}],"wp:attachment":[{"href":"https:\/\/www.campingthesauque.com\/es\/wp-json\/wp\/v2\/media?parent=2389"}],"curies":[{"name":"wp","href":"https:\/\/api.w.org\/{rel}","templated":true}]}}