{"id":2377,"date":"2022-01-21T17:08:51","date_gmt":"2022-01-21T16:08:51","guid":{"rendered":"https:\/\/www.campingthesauque.com\/camping-pas-cher-montgeard\/"},"modified":"2022-03-28T09:30:56","modified_gmt":"2022-03-28T07:30:56","slug":"camping-barato-montgeard","status":"publish","type":"page","link":"https:\/\/www.campingthesauque.com\/es\/camping-barato-montgeard\/","title":{"rendered":"H\u00e9bergements : Nos tarifs et offres"},"content":{"rendered":"<section id=\"section-6221e7ae533f0\"\" class=\"section p-b-0 bg-white\" \/><div class=\"container\"><h1 class=\"element section-title center\">Camping barato cerca de Toulouse<\/h1><\/div><\/section>\n\n<section id=\"section-6221e7ae5352d\"\" class=\"section bg-white\" \/><div class=\"container extralarge\"><div class=\"element bloc-text\">\n\t<script>\r\n    window.ctoutvert = {\r\n\t\tid: 941, \r\n\t\tlang: 'es', \r\n\t\turl: 'https:\/\/bookingpremium.secureholiday.net\/widgets\/'\r\n    };\r\n\r\n    (function (w, d, s, ctv, r, js, fjs) {\r\n        r=new XMLHttpRequest();r.open('GET',w[ctv].url+'js\/src.json');\r\n        r.responseType='json';r.json=true;r.send();\r\n        r.onload=function(){w[ctv].src=r.responseType=='json'?r.response:JSON.parse(r.response);\r\n        js.src=w[ctv].src[0];fjs.parentNode.insertBefore(js, fjs);}\r\n        js=d.createElement(s),fjs=d.getElementsByTagName(s)[0];\r\n        js.id='ctvwidget';js.async=1;\r\n    }(window, document, 'script', 'ctoutvert'));\r\n<\/script>\r\n\r\n<ctv-availability data-background-color=\"#FFFFFFFF\" ><\/ctv-availability><\/div><\/div><\/section>\n\n<section id=\"section-6221e7ae5381b\"\" class=\"section bg-color4\" \/><div class=\"container full\"><div class=\"colonnes-wrap valign-top \"><div class=\"element colonne m-r-6 m-l-6\"><h2 class=\"element section-title left title-deco color2\">Camping con la mejor relaci\u00f3n calidad-precio cerca de Toulouse<\/h2><div class=\"element bloc-text left \">\n\t<p><span style=\"font-weight: 400;\">El <a href=\"\/es\/\">camping cerca de Toulouse<\/a> es la soluci\u00f3n ideal si buscas c\u00f3mo pasar unas vacaciones al <strong>mejor precio<\/strong> en la regi\u00f3n de Toulouse. Aproveche, por ejemplo, nuestra oferta de mejor relaci\u00f3n calidad-precio con el <a href=\"\/es\/alquiler-de-casas-moviles-montgeard\/\">alquiler de una casa m\u00f3vil Standard<\/a> a <strong>44 \u20ac por noche<\/strong> para 4 personas.<\/span><\/p>\n<p><span style=\"font-weight: 400;\">Le cadre est exceptionnel et un h\u00e9bergement tout confort <strong>\u00e0 30 km de Toulouse<\/strong> est une occasion parfaite pour vivre <strong>un s\u00e9jour pas cher<\/strong>, mais tr\u00e8s d\u00e9paysant ! Descubra todas nuestras ofertas a lo largo del a\u00f1o.<\/span><\/p>\n<\/div><\/div><div class=\"element colonne m-r-6 m-l-6\"><h2 class=\"element section-title left title-deco color2\">Nuestras ofertas y promociones especiales en el camping cerca de Toulouse<\/h2><div class=\"element bloc-text left \">\n\t<p><span style=\"font-weight: 400;\">Aproveche nuestras <strong>tarifas preferenciales<\/strong> disponibles todo el a\u00f1o<strong> para parejas<\/strong> (con ni\u00f1o menor de 3 a\u00f1os). Reservar una estancia de al menos 7 noches en una de nuestras propiedades de alquiler le da derecho a <strong>descuentos<\/strong> sobre las tarifas habituales. As\u00ed, se beneficia de <strong>promociones en el alquiler de una casa m\u00f3vil o chalet<\/strong> de la gama Est\u00e1ndar, Confort, cuando su estancia est\u00e1 prevista de enero a mayo, en junio y de septiembre a diciembre.<\/span><\/p>\n<p><span style=\"font-weight: 400;\">Nuestra <strong>Oferta Quatro<\/strong> le permite <strong>vacaciones a bajo coste<\/strong> cuando son 4 en una casa m\u00f3vil Comfort de 3 dormitorios.<\/span><\/p>\n<p><span style=\"font-weight: 400;\">Por \u00faltimo, si reserva un alquiler o una parcela antes del 31 de enero, obtendr\u00e1 un <strong>20% de descuento<\/strong> en temporada baja y <strong>10% en temporada alta<\/strong> (julio y agosto) para 7 noches m\u00ednimo.<\/span><\/p>\n<\/div><\/div><div class=\"element colonne m-r-6 m-l-6\"><h2 class=\"element section-title justify title-deco color2\">Los mejores precios garantizados directamente a trav\u00e9s del camping a 30 km de Toulouse<\/h2><div class=\"element bloc-text justify \">\n\t<p><span style=\"font-weight: 400;\">Nuestro <strong>sistema de reservas en l\u00ednea<\/strong> le permite beneficiarse del mejor precio para su <a href=\"\/es\/alquiler-de-parcelas-montgeard\/\">alquiler de parcelas<\/a> o alojamiento en nuestro camping de Haute-Garonne. <strong>Nuestra pasarela web est\u00e1 disponible para sus reservas<\/strong> en cualquier momento del a\u00f1o. El sistema selecciona autom\u00e1ticamente las <strong>promociones y ofertas especiales<\/strong> que puedes aprovechar.<\/span><\/p>\n<\/div><\/div><\/div><\/div><\/section>\n\n<section id=\"section-6221e7ae53a52\"\" class=\"section bg-white\" \/><div class=\"container extralarge\"><div class=\"element section-title center title-cta color3\">Descubra nuestros alquileres y servicios<\/div><ul class=\"liste-de-page\"><li class=\"element call-to-action carre call-to-action--style-1 call-to-action--big\"><a href=\"https:\/\/www.campingthesauque.com\/es\/alquiler-de-parcelas-montgeard\/\"  class=\"call-to-action_link\" title=\"En savoir plus sur nuestras sedes\"><div class=\"call-to-action_image\"><img decoding=\"async\" src=\"https:\/\/www.campingthesauque.com\/wp-content\/uploads\/2022\/02\/louer-emplacement-montgeard-100x70.jpg\" data-src=\"https:\/\/www.campingthesauque.com\/wp-content\/uploads\/2022\/02\/louer-emplacement-montgeard.jpg\" alt=\"Vacanci\u00e8res heureuses posant devant une tente en pleine nature\" class=\"big\" \/><\/div><div class=\"call-to-action_contenu\"><div class=\"call-to-action_titre\">Nuestras sedes<\/div><\/div><\/a><\/li><li class=\"element call-to-action carre call-to-action--style-1 call-to-action--big call-to-action--style-1 call-to-action--big\"><a href=\"https:\/\/www.campingthesauque.com\/es\/alquiler-de-casas-moviles-montgeard\/\"  class=\"call-to-action_link\" title=\"En savoir plus sur localizaciones\"><div class=\"call-to-action_image\"><img decoding=\"async\" src=\"https:\/\/www.campingthesauque.com\/wp-content\/uploads\/2022\/02\/louer-chalet-toulouse-100x70.jpg\" data-src=\"https:\/\/www.campingthesauque.com\/wp-content\/uploads\/2022\/02\/louer-chalet-toulouse.jpg\" alt=\"vue exterieur chalet toulouse\" class=\"big\" \/><\/div><div class=\"call-to-action_contenu\"><div class=\"call-to-action_titre\">Localizaciones<\/div><\/div><\/a><\/li><li class=\"element call-to-action carre call-to-action--style-1 call-to-action--big call-to-action--style-1 call-to-action--big call-to-action--style-1 call-to-action--big\"><a href=\"https:\/\/www.campingthesauque.com\/es\/camping-familiar-montgeard\/\"  class=\"call-to-action_link\" title=\"En savoir plus sur nos services et activit\u00e9s\"><div class=\"call-to-action_image\"><img decoding=\"async\" src=\"https:\/\/www.campingthesauque.com\/wp-content\/uploads\/2022\/03\/camping-familial-qualite-montgeard-100x32.jpg\" data-src=\"https:\/\/www.campingthesauque.com\/wp-content\/uploads\/2022\/03\/camping-familial-qualite-montgeard.jpg\" alt=\"camping familial qualite montgeard\" class=\"big\" \/><\/div><div class=\"call-to-action_contenu\"><div class=\"call-to-action_titre\">Nos services et activit\u00e9s<\/div><\/div><\/a><\/li><\/ul><\/div><\/section>","protected":false},"excerpt":{"rendered":"","protected":false},"author":1,"featured_media":4307,"parent":0,"menu_order":0,"comment_status":"closed","ping_status":"closed","template":"","meta":{"_acf_changed":false,"footnotes":""},"class_list":["post-2377","page","type-page","status-publish","has-post-thumbnail","hentry"],"acf":[],"yoast_head":"<!-- This site is optimized with the Yoast SEO plugin v25.3 - https:\/\/yoast.com\/wordpress\/plugins\/seo\/ -->\n<title>Camping barato Montgeard | Camping de bajo coste cerca de Toulouse<\/title>\n<meta name=\"robots\" content=\"index, follow, max-snippet:-1, max-image-preview:large, max-video-preview:-1\" \/>\n<link rel=\"canonical\" href=\"https:\/\/www.campingthesauque.com\/es\/camping-barato-montgeard\/\" \/>\n<meta property=\"og:locale\" content=\"es_ES\" \/>\n<meta property=\"og:type\" content=\"article\" \/>\n<meta property=\"og:title\" content=\"Camping barato Montgeard | Camping de bajo coste cerca de Toulouse\" \/>\n<meta property=\"og:url\" content=\"https:\/\/www.campingthesauque.com\/es\/camping-barato-montgeard\/\" \/>\n<meta property=\"og:site_name\" content=\"Camping le Lac de la Th\u00e9sauque\" \/>\n<meta property=\"article:publisher\" content=\"https:\/\/www.facebook.com\/CampingThesauque\/\" \/>\n<meta property=\"article:modified_time\" content=\"2022-03-28T07:30:56+00:00\" \/>\n<meta property=\"og:image\" content=\"https:\/\/www.campingthesauque.com\/wp-content\/uploads\/2022\/03\/camping-thesauque-lac.jpg\" \/>\n\t<meta property=\"og:image:width\" content=\"1900\" \/>\n\t<meta property=\"og:image:height\" content=\"700\" \/>\n\t<meta property=\"og:image:type\" content=\"image\/jpeg\" \/>\n<meta name=\"twitter:card\" content=\"summary_large_image\" \/>\n<script type=\"application\/ld+json\" class=\"yoast-schema-graph\">{\"@context\":\"https:\/\/schema.org\",\"@graph\":[{\"@type\":\"WebPage\",\"@id\":\"https:\/\/www.campingthesauque.com\/es\/camping-barato-montgeard\/\",\"url\":\"https:\/\/www.campingthesauque.com\/es\/camping-barato-montgeard\/\",\"name\":\"Camping barato Montgeard | Camping de bajo coste cerca de Toulouse\",\"isPartOf\":{\"@id\":\"https:\/\/www.campingthesauque.com\/es\/#website\"},\"primaryImageOfPage\":{\"@id\":\"https:\/\/www.campingthesauque.com\/es\/camping-barato-montgeard\/#primaryimage\"},\"image\":{\"@id\":\"https:\/\/www.campingthesauque.com\/es\/camping-barato-montgeard\/#primaryimage\"},\"thumbnailUrl\":\"https:\/\/www.campingthesauque.com\/wp-content\/uploads\/2023\/06\/camping-pas-cher-pres-de-toulouse.jpg\",\"datePublished\":\"2022-01-21T16:08:51+00:00\",\"dateModified\":\"2022-03-28T07:30:56+00:00\",\"breadcrumb\":{\"@id\":\"https:\/\/www.campingthesauque.com\/es\/camping-barato-montgeard\/#breadcrumb\"},\"inLanguage\":\"es\",\"potentialAction\":[{\"@type\":\"ReadAction\",\"target\":[\"https:\/\/www.campingthesauque.com\/es\/camping-barato-montgeard\/\"]}]},{\"@type\":\"ImageObject\",\"inLanguage\":\"es\",\"@id\":\"https:\/\/www.campingthesauque.com\/es\/camping-barato-montgeard\/#primaryimage\",\"url\":\"https:\/\/www.campingthesauque.com\/wp-content\/uploads\/2023\/06\/camping-pas-cher-pres-de-toulouse.jpg\",\"contentUrl\":\"https:\/\/www.campingthesauque.com\/wp-content\/uploads\/2023\/06\/camping-pas-cher-pres-de-toulouse.jpg\",\"width\":1519,\"height\":671,\"caption\":\"camping pas cher pres de toulouse\"},{\"@type\":\"BreadcrumbList\",\"@id\":\"https:\/\/www.campingthesauque.com\/es\/camping-barato-montgeard\/#breadcrumb\",\"itemListElement\":[{\"@type\":\"ListItem\",\"position\":1,\"name\":\"Camping Toulouse\",\"item\":\"https:\/\/www.campingthesauque.com\/es\/\"},{\"@type\":\"ListItem\",\"position\":2,\"name\":\"Camping barato en Montgeard\"}]},{\"@type\":\"WebSite\",\"@id\":\"https:\/\/www.campingthesauque.com\/es\/#website\",\"url\":\"https:\/\/www.campingthesauque.com\/es\/\",\"name\":\"Camping le Lac de la Th\u00e9sauque\",\"description\":\"\",\"publisher\":{\"@id\":\"https:\/\/www.campingthesauque.com\/es\/#organization\"},\"potentialAction\":[{\"@type\":\"SearchAction\",\"target\":{\"@type\":\"EntryPoint\",\"urlTemplate\":\"https:\/\/www.campingthesauque.com\/es\/?s={search_term_string}\"},\"query-input\":{\"@type\":\"PropertyValueSpecification\",\"valueRequired\":true,\"valueName\":\"search_term_string\"}}],\"inLanguage\":\"es\"},{\"@type\":\"Organization\",\"@id\":\"https:\/\/www.campingthesauque.com\/es\/#organization\",\"name\":\"Camping du Lac de la Th\u00e9sauque\",\"url\":\"https:\/\/www.campingthesauque.com\/es\/\",\"logo\":{\"@type\":\"ImageObject\",\"inLanguage\":\"es\",\"@id\":\"https:\/\/www.campingthesauque.com\/es\/#\/schema\/logo\/image\/\",\"url\":\"https:\/\/www.campingthesauque.com\/wp-content\/uploads\/2022\/01\/logo-camping.png\",\"contentUrl\":\"https:\/\/www.campingthesauque.com\/wp-content\/uploads\/2022\/01\/logo-camping.png\",\"width\":411,\"height\":92,\"caption\":\"Camping du Lac de la Th\u00e9sauque\"},\"image\":{\"@id\":\"https:\/\/www.campingthesauque.com\/es\/#\/schema\/logo\/image\/\"},\"sameAs\":[\"https:\/\/www.facebook.com\/CampingThesauque\/\"]}]}<\/script>\n<!-- \/ Yoast SEO plugin. -->","yoast_head_json":{"title":"Camping barato Montgeard | Camping de bajo coste cerca de Toulouse","robots":{"index":"index","follow":"follow","max-snippet":"max-snippet:-1","max-image-preview":"max-image-preview:large","max-video-preview":"max-video-preview:-1"},"canonical":"https:\/\/www.campingthesauque.com\/es\/camping-barato-montgeard\/","og_locale":"es_ES","og_type":"article","og_title":"Camping barato Montgeard | Camping de bajo coste cerca de Toulouse","og_url":"https:\/\/www.campingthesauque.com\/es\/camping-barato-montgeard\/","og_site_name":"Camping le Lac de la Th\u00e9sauque","article_publisher":"https:\/\/www.facebook.com\/CampingThesauque\/","article_modified_time":"2022-03-28T07:30:56+00:00","og_image":[{"width":1900,"height":700,"url":"https:\/\/www.campingthesauque.com\/wp-content\/uploads\/2022\/03\/camping-thesauque-lac.jpg","type":"image\/jpeg"}],"twitter_card":"summary_large_image","schema":{"@context":"https:\/\/schema.org","@graph":[{"@type":"WebPage","@id":"https:\/\/www.campingthesauque.com\/es\/camping-barato-montgeard\/","url":"https:\/\/www.campingthesauque.com\/es\/camping-barato-montgeard\/","name":"Camping barato Montgeard | Camping de bajo coste cerca de Toulouse","isPartOf":{"@id":"https:\/\/www.campingthesauque.com\/es\/#website"},"primaryImageOfPage":{"@id":"https:\/\/www.campingthesauque.com\/es\/camping-barato-montgeard\/#primaryimage"},"image":{"@id":"https:\/\/www.campingthesauque.com\/es\/camping-barato-montgeard\/#primaryimage"},"thumbnailUrl":"https:\/\/www.campingthesauque.com\/wp-content\/uploads\/2023\/06\/camping-pas-cher-pres-de-toulouse.jpg","datePublished":"2022-01-21T16:08:51+00:00","dateModified":"2022-03-28T07:30:56+00:00","breadcrumb":{"@id":"https:\/\/www.campingthesauque.com\/es\/camping-barato-montgeard\/#breadcrumb"},"inLanguage":"es","potentialAction":[{"@type":"ReadAction","target":["https:\/\/www.campingthesauque.com\/es\/camping-barato-montgeard\/"]}]},{"@type":"ImageObject","inLanguage":"es","@id":"https:\/\/www.campingthesauque.com\/es\/camping-barato-montgeard\/#primaryimage","url":"https:\/\/www.campingthesauque.com\/wp-content\/uploads\/2023\/06\/camping-pas-cher-pres-de-toulouse.jpg","contentUrl":"https:\/\/www.campingthesauque.com\/wp-content\/uploads\/2023\/06\/camping-pas-cher-pres-de-toulouse.jpg","width":1519,"height":671,"caption":"camping pas cher pres de toulouse"},{"@type":"BreadcrumbList","@id":"https:\/\/www.campingthesauque.com\/es\/camping-barato-montgeard\/#breadcrumb","itemListElement":[{"@type":"ListItem","position":1,"name":"Camping Toulouse","item":"https:\/\/www.campingthesauque.com\/es\/"},{"@type":"ListItem","position":2,"name":"Camping barato en Montgeard"}]},{"@type":"WebSite","@id":"https:\/\/www.campingthesauque.com\/es\/#website","url":"https:\/\/www.campingthesauque.com\/es\/","name":"Camping le Lac de la Th\u00e9sauque","description":"","publisher":{"@id":"https:\/\/www.campingthesauque.com\/es\/#organization"},"potentialAction":[{"@type":"SearchAction","target":{"@type":"EntryPoint","urlTemplate":"https:\/\/www.campingthesauque.com\/es\/?s={search_term_string}"},"query-input":{"@type":"PropertyValueSpecification","valueRequired":true,"valueName":"search_term_string"}}],"inLanguage":"es"},{"@type":"Organization","@id":"https:\/\/www.campingthesauque.com\/es\/#organization","name":"Camping du Lac de la Th\u00e9sauque","url":"https:\/\/www.campingthesauque.com\/es\/","logo":{"@type":"ImageObject","inLanguage":"es","@id":"https:\/\/www.campingthesauque.com\/es\/#\/schema\/logo\/image\/","url":"https:\/\/www.campingthesauque.com\/wp-content\/uploads\/2022\/01\/logo-camping.png","contentUrl":"https:\/\/www.campingthesauque.com\/wp-content\/uploads\/2022\/01\/logo-camping.png","width":411,"height":92,"caption":"Camping du Lac de la Th\u00e9sauque"},"image":{"@id":"https:\/\/www.campingthesauque.com\/es\/#\/schema\/logo\/image\/"},"sameAs":["https:\/\/www.facebook.com\/CampingThesauque\/"]}]}},"_links":{"self":[{"href":"https:\/\/www.campingthesauque.com\/es\/wp-json\/wp\/v2\/pages\/2377","targetHints":{"allow":["GET"]}}],"collection":[{"href":"https:\/\/www.campingthesauque.com\/es\/wp-json\/wp\/v2\/pages"}],"about":[{"href":"https:\/\/www.campingthesauque.com\/es\/wp-json\/wp\/v2\/types\/page"}],"author":[{"embeddable":true,"href":"https:\/\/www.campingthesauque.com\/es\/wp-json\/wp\/v2\/users\/1"}],"replies":[{"embeddable":true,"href":"https:\/\/www.campingthesauque.com\/es\/wp-json\/wp\/v2\/comments?post=2377"}],"version-history":[{"count":0,"href":"https:\/\/www.campingthesauque.com\/es\/wp-json\/wp\/v2\/pages\/2377\/revisions"}],"wp:featuredmedia":[{"embeddable":true,"href":"https:\/\/www.campingthesauque.com\/es\/wp-json\/wp\/v2\/media\/4307"}],"wp:attachment":[{"href":"https:\/\/www.campingthesauque.com\/es\/wp-json\/wp\/v2\/media?parent=2377"}],"curies":[{"name":"wp","href":"https:\/\/api.w.org\/{rel}","templated":true}]}}