{"id":2373,"date":"2022-01-21T17:08:34","date_gmt":"2022-01-21T16:08:34","guid":{"rendered":"https:\/\/www.campingthesauque.com\/location-mobil-home-montgeard\/"},"modified":"2022-03-25T13:55:46","modified_gmt":"2022-03-25T12:55:46","slug":"alquiler-de-casas-moviles-montgeard","status":"publish","type":"page","link":"https:\/\/www.campingthesauque.com\/es\/alquiler-de-casas-moviles-montgeard\/","title":{"rendered":"H\u00e9bergements : Nos locations"},"content":{"rendered":"<section id=\"section-6214b8f3ab62a\"\" class=\"section bg-white p-b-0\" \/><div class=\"container\"><h1 class=\"element section-title center\">Alquiler de casas m\u00f3viles cerca de Toulouse<\/h1><\/div><\/section>\n\n<section id=\"section-61f40131e3cc4\"\" class=\"section bg-white p-b-0\" \/><div class=\"container extralarge\"><div class=\"filtres\"><\/div><ul class=\"liste-de-page hebergements\"><div class=\"row\"><li class=\"element hebergement call-to-action call-to-action--style-2  nombre-de-chambres-3 nombre-de-personnes-6 superficie-26\"><div class=\"hebergement_link\" id=\"120222\"><div class=\"call-to-action_image\"><img decoding=\"async\" src=\"https:\/\/www.campingthesauque.com\/wp-content\/uploads\/2022\/12\/vue-globale-JL-2023-1.jpg\" data-src=\"https:\/\/www.campingthesauque.com\/wp-content\/uploads\/2022\/12\/vue-globale-JL-2023-1.jpg\" alt=\"vue globale JL 2023\" class=\"\" \/><\/div><div class=\"call-to-action_contenu\"><div class=\"call-to-action_titre\">Wood Lodge 3 habitaciones<\/div><\/div><div class=\"hebergement-attributs\"><span class=\"attribut nombre-de-chambres\">3 chambres<\/span><span class=\"attribut nombre-de-personnes\">6 personnes<\/span><span class=\"attribut superficie\">26m\u00b2<\/span><\/div><\/div><\/li><li class=\"element hebergement call-to-action call-to-action--style-2  nombre-de-chambres-2 nombre-de-personnes-4 superficie-26\"><div class=\"hebergement_link\" id=\"120220\"><div class=\"call-to-action_image\"><img decoding=\"async\" src=\"https:\/\/www.campingthesauque.com\/wp-content\/uploads\/2022\/12\/vue-dexterieure.jpg\" data-src=\"https:\/\/www.campingthesauque.com\/wp-content\/uploads\/2022\/12\/vue-dexterieure.jpg\" alt=\"vue d'ext\u00e9rieure\" class=\"\" \/><\/div><div class=\"call-to-action_contenu\"><div class=\"call-to-action_titre\">Wood Lodge 2 habitaciones<\/div><\/div><div class=\"hebergement-attributs\"><span class=\"attribut nombre-de-chambres\">2 chambres<\/span><span class=\"attribut nombre-de-personnes\">4 personnes<\/span><span class=\"attribut superficie\">26m\u00b2<\/span><\/div><\/div><\/li><li class=\"element hebergement call-to-action call-to-action--style-2  nombre-de-chambres-2 nombre-de-personnes-4 superficie-35\"><div class=\"hebergement_link\" id=\"93888\"><div class=\"call-to-action_image\"><img decoding=\"async\" src=\"https:\/\/www.campingthesauque.com\/wp-content\/uploads\/2022\/01\/chalet-confort-2ch.jpg\" data-src=\"https:\/\/www.campingthesauque.com\/wp-content\/uploads\/2022\/01\/chalet-confort-2ch.jpg\" alt=\"chalet confort 2ch\" class=\"\" \/><\/div><div class=\"call-to-action_contenu\"><div class=\"call-to-action_titre\">Chalet Confort 2Habitaciones<\/div><\/div><div class=\"hebergement-attributs\"><span class=\"attribut nombre-de-chambres\">2 chambres<\/span><span class=\"attribut nombre-de-personnes\">4 personnes<\/span><span class=\"attribut superficie\">35m\u00b2<\/span><\/div><\/div><\/li><li class=\"element hebergement call-to-action call-to-action--style-2  nombre-de-chambres-1 nombre-de-personnes-2 superficie-15\"><div class=\"hebergement_link\" id=\"93890\"><div class=\"call-to-action_image\"><img decoding=\"async\" src=\"https:\/\/www.campingthesauque.com\/wp-content\/uploads\/2022\/01\/000008769902.jpg\" data-src=\"https:\/\/www.campingthesauque.com\/wp-content\/uploads\/2022\/01\/000008769902.jpg\" alt=\"mobil home camping thesauque\" class=\"\" \/><\/div><div class=\"call-to-action_contenu\"><div class=\"call-to-action_titre\">Chalet 1Habitaciones<\/div><\/div><div class=\"hebergement-attributs\"><span class=\"attribut nombre-de-chambres\">1 chambre<\/span><span class=\"attribut nombre-de-personnes\">2 personnes<\/span><span class=\"attribut superficie\">15m\u00b2<\/span><\/div><\/div><\/li><li class=\"element hebergement call-to-action call-to-action--style-2  nombre-de-chambres-3 nombre-de-personnes-6 superficie-35\"><div class=\"hebergement_link\" id=\"135547\"><div class=\"call-to-action_image\"><img decoding=\"async\" src=\"https:\/\/www.campingthesauque.com\/wp-content\/uploads\/2022\/02\/mobilhome-3ch-salon2.jpg\" data-src=\"https:\/\/www.campingthesauque.com\/wp-content\/uploads\/2022\/02\/mobilhome-3ch-salon2.jpg\" alt=\"mobilhome 3ch cuisine\" class=\"\" \/><\/div><div class=\"call-to-action_contenu\"><div class=\"call-to-action_titre\">Casa m\u00f3vil Confort 3Habitaciones<\/div><\/div><div class=\"hebergement-attributs\"><span class=\"attribut nombre-de-chambres\">3 chambres<\/span><span class=\"attribut nombre-de-personnes\">6 personnes<\/span><span class=\"attribut superficie\">35m\u00b2<\/span><\/div><\/div><\/li><li class=\"element hebergement call-to-action call-to-action--style-2  nombre-de-chambres-2 nombre-de-personnes-4 superficie-33\"><div class=\"hebergement_link\" id=\"111387\"><div class=\"call-to-action_image\"><img decoding=\"async\" src=\"https:\/\/www.campingthesauque.com\/wp-content\/uploads\/2022\/02\/mobilhome-2-ch-salon.jpg\" data-src=\"https:\/\/www.campingthesauque.com\/wp-content\/uploads\/2022\/02\/mobilhome-2-ch-salon.jpg\" alt=\"mobil home salon\" class=\"\" \/><\/div><div class=\"call-to-action_contenu\"><div class=\"call-to-action_titre\">Casa m\u00f3vil Confort 2Habitaciones<\/div><\/div><div class=\"hebergement-attributs\"><span class=\"attribut nombre-de-chambres\">2 chambres<\/span><span class=\"attribut nombre-de-personnes\">4 personnes<\/span><span class=\"attribut superficie\">33m\u00b2<\/span><\/div><\/div><\/li><li class=\"element hebergement call-to-action call-to-action--style-2  nombre-de-chambres-3 nombre-de-personnes-6 superficie-32\"><div class=\"hebergement_link\" id=\"95778\"><div class=\"call-to-action_image\"><img decoding=\"async\" src=\"https:\/\/www.campingthesauque.com\/wp-content\/uploads\/2022\/02\/homeflower-exterieur-2.jpg\" data-src=\"https:\/\/www.campingthesauque.com\/wp-content\/uploads\/2022\/02\/homeflower-exterieur-2.jpg\" alt=\"homeflower exterieur 2\" class=\"\" \/><\/div><div class=\"call-to-action_contenu\"><div class=\"call-to-action_titre\">Home Flower Premium 3 Habitaciones<\/div><\/div><div class=\"hebergement-attributs\"><span class=\"attribut nombre-de-chambres\">3 chambres<\/span><span class=\"attribut nombre-de-personnes\">6 personnes<\/span><span class=\"attribut superficie\">32m\u00b2<\/span><\/div><\/div><\/li><li class=\"element hebergement call-to-action call-to-action--style-2  nombre-de-personnes-2\"><div class=\"hebergement_link\" id=\"112962\"><div class=\"call-to-action_image\"><img decoding=\"async\" src=\"https:\/\/www.campingthesauque.com\/wp-content\/uploads\/2022\/03\/chalet-pmr-exterieur-rotated.jpg\" data-src=\"https:\/\/www.campingthesauque.com\/wp-content\/uploads\/2022\/03\/chalet-pmr-exterieur-rotated.jpg\" alt=\"chalet pmr ext\u00e9rieur\" class=\"\" \/><\/div><div class=\"call-to-action_contenu\"><div class=\"call-to-action_titre\">Chalet PMR (persona con movilidad reducida)<\/div><\/div><div class=\"hebergement-attributs\"><span class=\"attribut nombre-de-personnes\">2 personnes<\/span><\/div><\/div><\/li><li class=\"element hebergement call-to-action call-to-action--style-2  nombre-de-chambres-2 nombre-de-personnes-4 superficie-25\"><div class=\"hebergement_link\" id=\"135549\"><div class=\"call-to-action_image\"><img decoding=\"async\" src=\"https:\/\/www.campingthesauque.com\/wp-content\/uploads\/2024\/11\/SALON_Bd.jpg\" data-src=\"https:\/\/www.campingthesauque.com\/wp-content\/uploads\/2024\/11\/SALON_Bd.jpg\" alt=\"Espace salon confortable\" class=\"\" \/><\/div><div class=\"call-to-action_contenu\"><div class=\"call-to-action_titre\">Mobil home riviera Confort 25m\u00b2 &#8211; 2 habitaciones<\/div><\/div><div class=\"hebergement-attributs\"><span class=\"attribut nombre-de-chambres\">2 chambres<\/span><span class=\"attribut nombre-de-personnes\">4 personnes<\/span><span class=\"attribut superficie\">25m\u00b2<\/span><\/div><\/div><\/li><li class=\"element hebergement call-to-action call-to-action--style-2  nombre-de-chambres-3 nombre-de-personnes-6 superficie-32\"><div class=\"hebergement_link\" id=\"135559\"><div class=\"call-to-action_image\"><img decoding=\"async\" src=\"https:\/\/www.campingthesauque.com\/wp-content\/uploads\/2024\/11\/SALON-1.jpg\" data-src=\"https:\/\/www.campingthesauque.com\/wp-content\/uploads\/2024\/11\/SALON-1.jpg\" alt=\"Espace salon confortable\" class=\"\" \/><\/div><div class=\"call-to-action_contenu\"><div class=\"call-to-action_titre\">Mobil home riviera Confort 32m\u00b2 &#8211; 3 habitaciones<\/div><\/div><div class=\"hebergement-attributs\"><span class=\"attribut nombre-de-chambres\">3 chambres<\/span><span class=\"attribut nombre-de-personnes\">6 personnes<\/span><span class=\"attribut superficie\">32m\u00b2<\/span><\/div><\/div><\/li><\/div><\/ul><\/div><\/section>\n\n<section id=\"section-6214b8f3ab82e\"\" class=\"section bg-white\" \/><div class=\"container full\"><div class=\"colonnes-wrap valign-top \"><div class=\"element colonne m-r-6 m-l-6\"><h2 class=\"element section-title justify title-deco color2\">C\u00f3modas casas m\u00f3viles cerca de Toulouse<\/h2><div class=\"element bloc-text left \">\n\t<p>El <a href=\"\/es\/\">camping Le Lac de la Th\u00e9sauque<\/a> ofrece una amplia gama de alojamientos de alquiler en casas m\u00f3viles o chalets. Elija el nivel de confort que le convenga y disfrute de una estancia cerca de la naturaleza en un ambiente c\u00e1lido y acogedor.<\/p>\n<p>Nuestros alojamientos de alquiler est\u00e1n dise\u00f1ados para <strong class=\"bold color2\">acomodar hasta 6 personas<\/strong> dependiendo de la gama. Est\u00e1n disponibles todo el a\u00f1o, para sus fines de semana o vacaciones en Haute-Garonne solo, en familia o con amigos.<\/p>\n<p>Venga a descubrir la regi\u00f3n de Toulouse con total serenidad en un camping bien situado entre Toulouse, Albi y Castelnaudary. Disfrutar\u00e1 de su estancia en total serenidad gracias a nuestros c\u00f3modos alquileres o en una de nuestras <a href=\"\/es\/alquiler-de-parcelas-montgeard\/\">ubicaciones de calidad<\/a> mientras se beneficia del <a href=\"\/es\/camping-barato-montgeard\/\">mejor precio<\/a>.<\/p>\n<\/div><\/div><div class=\"element colonne m-r-6 m-l-6\"><h2 class=\"element section-title justify title-deco color2\">Diferentes capacidades para nuestros alojamientos de alquiler<\/h2><div class=\"element bloc-text justify \">\n\t<p>Nuestros <strong class=\"bold color2\">27 alojamientos de alquiler<\/strong> le ofrecen una variada selecci\u00f3n de opciones y comodidades.<\/p>\n<p>Nuestros chalets y casas m\u00f3viles est\u00e1n disponibles en diferentes gamas. Puede elegir la superficie, el n\u00famero de dormitorios, el nivel de confort (televisi\u00f3n, lavavajillas, aire acondicionado) y si hay o no terraza cubierta.<\/p>\n<p>Los chalets de alquiler de la gama <strong class=\"bold color2\">Comfort<\/strong> tienen 35 m2 y est\u00e1n dise\u00f1ados para alojar hasta 4 personas con aire acondicionado, televisi\u00f3n y terraza. Un chalet Comfort es <strong class=\"bold color2\">accesible para personas con movilidad reducida<\/strong>. Las casas m\u00f3viles Comfort pueden <strong class=\"bold color2\">recibir hasta 6 personas<\/strong> y se componen de 3 dormitorios.<\/p>\n<p>Por \u00faltimo, las c\u00f3modas casas m\u00f3viles tienen capacidad para 4 personas y cuentan con una terraza cubierta. El Home Flower Premium con sus 3 dormitorios es ideal para familias o grupos de amigos de 6 personas.<\/p>\n<p>Las mascotas <strong class=\"bold color2\">son bienvenidas<\/strong> en el camping (excepto los perros de primera y segunda categor\u00eda). Deben ir con correa y tener la cartilla de vacunaci\u00f3n al d\u00eda.<\/p>\n<\/div><\/div><\/div><\/div><\/section>\n\n<section id=\"section-6214b8f3ab954\"\" class=\"section bg-white\" \/><div class=\"container extralarge\"><div class=\"element section-title center title-cta color3\">Nuestras parcelas de caravanas y sus precios<\/div><ul class=\"liste-de-page\"><li class=\"element call-to-action carre call-to-action--style-1 call-to-action--big\"><a href=\"https:\/\/www.campingthesauque.com\/es\/piscina-de-camping-montgeard\/\"  class=\"call-to-action_link\" title=\"En savoir plus sur nuestra piscina\"><div class=\"call-to-action_image\"><img decoding=\"async\" src=\"https:\/\/www.campingthesauque.com\/wp-content\/uploads\/2022\/02\/camping-piscine-decouverte-toulouse-100x70.jpg\" data-src=\"https:\/\/www.campingthesauque.com\/wp-content\/uploads\/2022\/02\/camping-piscine-decouverte-toulouse.jpg\" alt=\"Moment de d\u00e9tente d\u2019un enfant au bord de la piscine\" class=\"big\" \/><\/div><div class=\"call-to-action_contenu\"><div class=\"call-to-action_titre\">Nuestra piscina<\/div><\/div><\/a><\/li><li class=\"element call-to-action carre call-to-action--style-1 call-to-action--big call-to-action--style-1 call-to-action--big\"><a href=\"https:\/\/www.campingthesauque.com\/es\/alquiler-de-parcelas-montgeard\/\"  class=\"call-to-action_link\" title=\"En savoir plus sur nuestras sedes\"><div class=\"call-to-action_image\"><img decoding=\"async\" src=\"https:\/\/www.campingthesauque.com\/wp-content\/uploads\/2022\/02\/louer-emplacement-montgeard-100x70.jpg\" data-src=\"https:\/\/www.campingthesauque.com\/wp-content\/uploads\/2022\/02\/louer-emplacement-montgeard.jpg\" alt=\"Vacanci\u00e8res heureuses posant devant une tente en pleine nature\" class=\"big\" \/><\/div><div class=\"call-to-action_contenu\"><div class=\"call-to-action_titre\">Nuestras sedes<\/div><\/div><\/a><\/li><li class=\"element call-to-action carre call-to-action--style-1 call-to-action--big call-to-action--style-1 call-to-action--big call-to-action--style-1 call-to-action--big\"><a href=\"https:\/\/www.campingthesauque.com\/es\/camping-barato-montgeard\/\"  class=\"call-to-action_link\" title=\"En savoir plus sur nuestras tarifas\"><div class=\"call-to-action_image\"><img decoding=\"async\" src=\"https:\/\/www.campingthesauque.com\/wp-content\/uploads\/2023\/06\/camping-pas-cher-pres-de-toulouse-100x44.jpg\" data-src=\"https:\/\/www.campingthesauque.com\/wp-content\/uploads\/2023\/06\/camping-pas-cher-pres-de-toulouse.jpg\" alt=\"camping pas cher pres de toulouse\" class=\"big\" \/><\/div><div class=\"call-to-action_contenu\"><div class=\"call-to-action_titre\">Nuestras tarifas<\/div><\/div><\/a><\/li><\/ul><\/div><\/section>","protected":false},"excerpt":{"rendered":"","protected":false},"author":1,"featured_media":750,"parent":0,"menu_order":0,"comment_status":"closed","ping_status":"closed","template":"","meta":{"_acf_changed":false,"footnotes":""},"class_list":["post-2373","page","type-page","status-publish","has-post-thumbnail","hentry"],"acf":[],"yoast_head":"<!-- This site is optimized with the Yoast SEO plugin v25.3 - https:\/\/yoast.com\/wordpress\/plugins\/seo\/ -->\n<title>Alquilar una casa m\u00f3vil en Montgeard | Alquiler de alojamiento cerca de Toulouse<\/title>\n<meta name=\"robots\" content=\"index, follow, max-snippet:-1, max-image-preview:large, max-video-preview:-1\" \/>\n<link rel=\"canonical\" href=\"https:\/\/www.campingthesauque.com\/es\/alquiler-de-casas-moviles-montgeard\/\" \/>\n<meta property=\"og:locale\" content=\"es_ES\" \/>\n<meta property=\"og:type\" content=\"article\" \/>\n<meta property=\"og:title\" content=\"Alquilar una casa m\u00f3vil en Montgeard | Alquiler de alojamiento cerca de Toulouse\" \/>\n<meta property=\"og:url\" content=\"https:\/\/www.campingthesauque.com\/es\/alquiler-de-casas-moviles-montgeard\/\" \/>\n<meta property=\"og:site_name\" content=\"Camping le Lac de la Th\u00e9sauque\" \/>\n<meta property=\"article:publisher\" content=\"https:\/\/www.facebook.com\/CampingThesauque\/\" \/>\n<meta property=\"article:modified_time\" content=\"2022-03-25T12:55:46+00:00\" \/>\n<meta property=\"og:image\" content=\"https:\/\/www.campingthesauque.com\/wp-content\/uploads\/2022\/02\/location-chalet-toulouse.jpg\" \/>\n\t<meta property=\"og:image:width\" content=\"1904\" \/>\n\t<meta property=\"og:image:height\" content=\"600\" \/>\n\t<meta property=\"og:image:type\" content=\"image\/jpeg\" \/>\n<meta name=\"twitter:card\" content=\"summary_large_image\" \/>\n<script type=\"application\/ld+json\" class=\"yoast-schema-graph\">{\"@context\":\"https:\/\/schema.org\",\"@graph\":[{\"@type\":\"WebPage\",\"@id\":\"https:\/\/www.campingthesauque.com\/es\/alquiler-de-casas-moviles-montgeard\/\",\"url\":\"https:\/\/www.campingthesauque.com\/es\/alquiler-de-casas-moviles-montgeard\/\",\"name\":\"Alquilar una casa m\u00f3vil en Montgeard | Alquiler de alojamiento cerca de Toulouse\",\"isPartOf\":{\"@id\":\"https:\/\/www.campingthesauque.com\/es\/#website\"},\"primaryImageOfPage\":{\"@id\":\"https:\/\/www.campingthesauque.com\/es\/alquiler-de-casas-moviles-montgeard\/#primaryimage\"},\"image\":{\"@id\":\"https:\/\/www.campingthesauque.com\/es\/alquiler-de-casas-moviles-montgeard\/#primaryimage\"},\"thumbnailUrl\":\"https:\/\/www.campingthesauque.com\/wp-content\/uploads\/2022\/02\/location-chalet-toulouse.jpg\",\"datePublished\":\"2022-01-21T16:08:34+00:00\",\"dateModified\":\"2022-03-25T12:55:46+00:00\",\"breadcrumb\":{\"@id\":\"https:\/\/www.campingthesauque.com\/es\/alquiler-de-casas-moviles-montgeard\/#breadcrumb\"},\"inLanguage\":\"es\",\"potentialAction\":[{\"@type\":\"ReadAction\",\"target\":[\"https:\/\/www.campingthesauque.com\/es\/alquiler-de-casas-moviles-montgeard\/\"]}]},{\"@type\":\"ImageObject\",\"inLanguage\":\"es\",\"@id\":\"https:\/\/www.campingthesauque.com\/es\/alquiler-de-casas-moviles-montgeard\/#primaryimage\",\"url\":\"https:\/\/www.campingthesauque.com\/wp-content\/uploads\/2022\/02\/location-chalet-toulouse.jpg\",\"contentUrl\":\"https:\/\/www.campingthesauque.com\/wp-content\/uploads\/2022\/02\/location-chalet-toulouse.jpg\",\"width\":1904,\"height\":600,\"caption\":\"location chalet-toulouse\"},{\"@type\":\"BreadcrumbList\",\"@id\":\"https:\/\/www.campingthesauque.com\/es\/alquiler-de-casas-moviles-montgeard\/#breadcrumb\",\"itemListElement\":[{\"@type\":\"ListItem\",\"position\":1,\"name\":\"Camping Toulouse\",\"item\":\"https:\/\/www.campingthesauque.com\/es\/\"},{\"@type\":\"ListItem\",\"position\":2,\"name\":\"Alquiler casa m\u00f3vil Montgeard\"}]},{\"@type\":\"WebSite\",\"@id\":\"https:\/\/www.campingthesauque.com\/es\/#website\",\"url\":\"https:\/\/www.campingthesauque.com\/es\/\",\"name\":\"Camping le Lac de la Th\u00e9sauque\",\"description\":\"\",\"publisher\":{\"@id\":\"https:\/\/www.campingthesauque.com\/es\/#organization\"},\"potentialAction\":[{\"@type\":\"SearchAction\",\"target\":{\"@type\":\"EntryPoint\",\"urlTemplate\":\"https:\/\/www.campingthesauque.com\/es\/?s={search_term_string}\"},\"query-input\":{\"@type\":\"PropertyValueSpecification\",\"valueRequired\":true,\"valueName\":\"search_term_string\"}}],\"inLanguage\":\"es\"},{\"@type\":\"Organization\",\"@id\":\"https:\/\/www.campingthesauque.com\/es\/#organization\",\"name\":\"Camping du Lac de la Th\u00e9sauque\",\"url\":\"https:\/\/www.campingthesauque.com\/es\/\",\"logo\":{\"@type\":\"ImageObject\",\"inLanguage\":\"es\",\"@id\":\"https:\/\/www.campingthesauque.com\/es\/#\/schema\/logo\/image\/\",\"url\":\"https:\/\/www.campingthesauque.com\/wp-content\/uploads\/2022\/01\/logo-camping.png\",\"contentUrl\":\"https:\/\/www.campingthesauque.com\/wp-content\/uploads\/2022\/01\/logo-camping.png\",\"width\":411,\"height\":92,\"caption\":\"Camping du Lac de la Th\u00e9sauque\"},\"image\":{\"@id\":\"https:\/\/www.campingthesauque.com\/es\/#\/schema\/logo\/image\/\"},\"sameAs\":[\"https:\/\/www.facebook.com\/CampingThesauque\/\"]}]}<\/script>\n<!-- \/ Yoast SEO plugin. -->","yoast_head_json":{"title":"Alquilar una casa m\u00f3vil en Montgeard | Alquiler de alojamiento cerca de Toulouse","robots":{"index":"index","follow":"follow","max-snippet":"max-snippet:-1","max-image-preview":"max-image-preview:large","max-video-preview":"max-video-preview:-1"},"canonical":"https:\/\/www.campingthesauque.com\/es\/alquiler-de-casas-moviles-montgeard\/","og_locale":"es_ES","og_type":"article","og_title":"Alquilar una casa m\u00f3vil en Montgeard | Alquiler de alojamiento cerca de Toulouse","og_url":"https:\/\/www.campingthesauque.com\/es\/alquiler-de-casas-moviles-montgeard\/","og_site_name":"Camping le Lac de la Th\u00e9sauque","article_publisher":"https:\/\/www.facebook.com\/CampingThesauque\/","article_modified_time":"2022-03-25T12:55:46+00:00","og_image":[{"width":1904,"height":600,"url":"https:\/\/www.campingthesauque.com\/wp-content\/uploads\/2022\/02\/location-chalet-toulouse.jpg","type":"image\/jpeg"}],"twitter_card":"summary_large_image","schema":{"@context":"https:\/\/schema.org","@graph":[{"@type":"WebPage","@id":"https:\/\/www.campingthesauque.com\/es\/alquiler-de-casas-moviles-montgeard\/","url":"https:\/\/www.campingthesauque.com\/es\/alquiler-de-casas-moviles-montgeard\/","name":"Alquilar una casa m\u00f3vil en Montgeard | Alquiler de alojamiento cerca de Toulouse","isPartOf":{"@id":"https:\/\/www.campingthesauque.com\/es\/#website"},"primaryImageOfPage":{"@id":"https:\/\/www.campingthesauque.com\/es\/alquiler-de-casas-moviles-montgeard\/#primaryimage"},"image":{"@id":"https:\/\/www.campingthesauque.com\/es\/alquiler-de-casas-moviles-montgeard\/#primaryimage"},"thumbnailUrl":"https:\/\/www.campingthesauque.com\/wp-content\/uploads\/2022\/02\/location-chalet-toulouse.jpg","datePublished":"2022-01-21T16:08:34+00:00","dateModified":"2022-03-25T12:55:46+00:00","breadcrumb":{"@id":"https:\/\/www.campingthesauque.com\/es\/alquiler-de-casas-moviles-montgeard\/#breadcrumb"},"inLanguage":"es","potentialAction":[{"@type":"ReadAction","target":["https:\/\/www.campingthesauque.com\/es\/alquiler-de-casas-moviles-montgeard\/"]}]},{"@type":"ImageObject","inLanguage":"es","@id":"https:\/\/www.campingthesauque.com\/es\/alquiler-de-casas-moviles-montgeard\/#primaryimage","url":"https:\/\/www.campingthesauque.com\/wp-content\/uploads\/2022\/02\/location-chalet-toulouse.jpg","contentUrl":"https:\/\/www.campingthesauque.com\/wp-content\/uploads\/2022\/02\/location-chalet-toulouse.jpg","width":1904,"height":600,"caption":"location chalet-toulouse"},{"@type":"BreadcrumbList","@id":"https:\/\/www.campingthesauque.com\/es\/alquiler-de-casas-moviles-montgeard\/#breadcrumb","itemListElement":[{"@type":"ListItem","position":1,"name":"Camping Toulouse","item":"https:\/\/www.campingthesauque.com\/es\/"},{"@type":"ListItem","position":2,"name":"Alquiler casa m\u00f3vil Montgeard"}]},{"@type":"WebSite","@id":"https:\/\/www.campingthesauque.com\/es\/#website","url":"https:\/\/www.campingthesauque.com\/es\/","name":"Camping le Lac de la Th\u00e9sauque","description":"","publisher":{"@id":"https:\/\/www.campingthesauque.com\/es\/#organization"},"potentialAction":[{"@type":"SearchAction","target":{"@type":"EntryPoint","urlTemplate":"https:\/\/www.campingthesauque.com\/es\/?s={search_term_string}"},"query-input":{"@type":"PropertyValueSpecification","valueRequired":true,"valueName":"search_term_string"}}],"inLanguage":"es"},{"@type":"Organization","@id":"https:\/\/www.campingthesauque.com\/es\/#organization","name":"Camping du Lac de la Th\u00e9sauque","url":"https:\/\/www.campingthesauque.com\/es\/","logo":{"@type":"ImageObject","inLanguage":"es","@id":"https:\/\/www.campingthesauque.com\/es\/#\/schema\/logo\/image\/","url":"https:\/\/www.campingthesauque.com\/wp-content\/uploads\/2022\/01\/logo-camping.png","contentUrl":"https:\/\/www.campingthesauque.com\/wp-content\/uploads\/2022\/01\/logo-camping.png","width":411,"height":92,"caption":"Camping du Lac de la Th\u00e9sauque"},"image":{"@id":"https:\/\/www.campingthesauque.com\/es\/#\/schema\/logo\/image\/"},"sameAs":["https:\/\/www.facebook.com\/CampingThesauque\/"]}]}},"_links":{"self":[{"href":"https:\/\/www.campingthesauque.com\/es\/wp-json\/wp\/v2\/pages\/2373","targetHints":{"allow":["GET"]}}],"collection":[{"href":"https:\/\/www.campingthesauque.com\/es\/wp-json\/wp\/v2\/pages"}],"about":[{"href":"https:\/\/www.campingthesauque.com\/es\/wp-json\/wp\/v2\/types\/page"}],"author":[{"embeddable":true,"href":"https:\/\/www.campingthesauque.com\/es\/wp-json\/wp\/v2\/users\/1"}],"replies":[{"embeddable":true,"href":"https:\/\/www.campingthesauque.com\/es\/wp-json\/wp\/v2\/comments?post=2373"}],"version-history":[{"count":0,"href":"https:\/\/www.campingthesauque.com\/es\/wp-json\/wp\/v2\/pages\/2373\/revisions"}],"wp:featuredmedia":[{"embeddable":true,"href":"https:\/\/www.campingthesauque.com\/es\/wp-json\/wp\/v2\/media\/750"}],"wp:attachment":[{"href":"https:\/\/www.campingthesauque.com\/es\/wp-json\/wp\/v2\/media?parent=2373"}],"curies":[{"name":"wp","href":"https:\/\/api.w.org\/{rel}","templated":true}]}}