{"id":2369,"date":"2022-01-21T17:07:58","date_gmt":"2022-01-21T16:07:58","guid":{"rendered":"https:\/\/www.campingthesauque.com\/location-emplacement-montgeard\/"},"modified":"2023-06-16T10:09:18","modified_gmt":"2023-06-16T08:09:18","slug":"alquiler-de-parcelas-montgeard","status":"publish","type":"page","link":"https:\/\/www.campingthesauque.com\/es\/alquiler-de-parcelas-montgeard\/","title":{"rendered":"H\u00e9bergements : Nos emplacements"},"content":{"rendered":"<section id=\"section-61f3fe03cae35\"\" class=\"section bg-white p-b-0\" \/><div class=\"container\"><h1 class=\"element section-title center\">Parcelas de camping y caravanas cerca de Toulouse<\/h1><\/div><\/section>\n\n<section id=\"section-62161a198af6d\"\" class=\"section bg-white p-b-0\" \/><div class=\"container full\"><div class=\"colonnes-wrap valign-top \"><div class=\"element colonne \"><div class=\"element section-title center\">Paquete Premium<\/div><div class=\"element bloc-text\">\n\t<script>\r\n    window.ctoutvert = {\r\n\t\tid: 941, \r\n\t\tlang: 'es', \r\n\t\turl: 'https:\/\/bookingpremium.secureholiday.net\/widgets\/'\r\n    };\r\n\r\n    (function (w, d, s, ctv, r, js, fjs) {\r\n        r=new XMLHttpRequest();r.open('GET',w[ctv].url+'js\/src.json');\r\n        r.responseType='json';r.json=true;r.send();\r\n        r.onload=function(){w[ctv].src=r.responseType=='json'?r.response:JSON.parse(r.response);\r\n        js.src=w[ctv].src[0];fjs.parentNode.insertBefore(js, fjs);}\r\n        js=d.createElement(s),fjs=d.getElementsByTagName(s)[0];\r\n        js.id='ctvwidget';js.async=1;\r\n    }(window, document, 'script', 'ctoutvert'));\r\n<\/script>\r\n<ctv-product data-product-id=\"109520\" ><\/ctv-product>\r\n<\/div><\/div><div class=\"element colonne \"><div class=\"element section-title center\">Paquete Privilegio<\/div><div class=\"element bloc-text\">\n\t<ctv-product data-product-id=\"95780\" ><\/ctv-product><\/div><\/div><div class=\"element colonne \"><div class=\"element section-title center\">Paquete de Comodidad<\/div><div class=\"element bloc-text\">\n\t<ctv-product data-product-id=\"95772\" ><\/ctv-product><\/div><\/div><div class=\"element colonne \"><div class=\"element section-title center\">Paquete de Naturaleza<\/div><div class=\"element bloc-text\">\n\t<ctv-product data-product-id=\"93887\" ><\/ctv-product><\/div><\/div><\/div><\/div><\/section>\n\n<section id=\"section-61f3fe03caf69\"\" class=\"section bg-white\" \/><div class=\"container extralarge\"><div class=\"colonnes-wrap valign-middle \"><div class=\"element colonne p-4\"><h2 class=\"element section-title left title-deco color2\">Calidad de nuestras parcelas para caravanas cerca de Toulouse<\/h2><div class=\"element bloc-text justify \">\n\t<p>\u00bfBusca la naturaleza en un entorno id\u00edlico junto al agua? Nuestro <a href=\"\/es\/\">camping de tres estrellas en Haute-Garonne<\/a> le ofrece 32 parcelas descubiertas as\u00ed como <a href=\"\/es\/alquiler-de-casas-moviles-montgeard\/\">confortables alojamientos de alquiler<\/a> en el coraz\u00f3n de una naturaleza preservada. Est\u00e1n dise\u00f1adas para alojar su tienda, caravana o autocaravana.<\/p>\n<p>Usted elige la ubicaci\u00f3n que prefiere, ya que ofrecemos parcelas con semisombra, con sombra o con sol.<\/p>\n<\/div><\/div><div class=\"element colonne \"><div class=\"element images\"><div class=\"image\"><img decoding=\"async\" src=\"https:\/\/www.campingthesauque.com\/wp-content\/uploads\/2022\/02\/location-emplacement-montgeard-100x67.jpg\" data-src=\"https:\/\/www.campingthesauque.com\/wp-content\/uploads\/2022\/02\/location-emplacement-montgeard.jpg\" alt=\"Vacanciers examinant un plan devant leur tente\" class=\"images_image\" \/><\/div><\/div><\/div><\/div><\/div><\/section>\n\n<section id=\"section-61f3fe03cb064\"\" class=\"section bg-white p-t-0 p-b-0\" \/><div class=\"container full\"><div class=\"carousel\"><div class=\"slide \"><div class=\"slide_image\"><img decoding=\"async\" src=\"https:\/\/www.campingthesauque.com\/wp-content\/uploads\/2022\/02\/emplacement-camping-car-toulouse-100x56.jpg\" data-src=\"https:\/\/www.campingthesauque.com\/wp-content\/uploads\/2022\/02\/emplacement-camping-car-toulouse.jpg\" alt=\"Moments conviviaux en couple devant un camping-car\" class=\"\" \/><\/div><\/div><div class=\"slide \"><div class=\"slide_image\"><img decoding=\"async\" src=\"https:\/\/www.campingthesauque.com\/wp-content\/uploads\/2022\/02\/emplacement-caravane-toulouse-100x56.jpg\" data-src=\"https:\/\/www.campingthesauque.com\/wp-content\/uploads\/2022\/02\/emplacement-caravane-toulouse.jpg\" alt=\"Moments conviviaux en famille avec guitare devant un camping-car\" class=\"\" \/><\/div><\/div><div class=\"slide \"><div class=\"slide_image\"><img decoding=\"async\" src=\"https:\/\/www.campingthesauque.com\/wp-content\/uploads\/2022\/02\/emplacement-sanitaire-toulouse-100x56.jpg\" data-src=\"https:\/\/www.campingthesauque.com\/wp-content\/uploads\/2022\/02\/emplacement-sanitaire-toulouse.jpg\" alt=\"Sanitaires modernes et propres dans un camping \u00e0 Montgeard\" class=\"\" \/><\/div><\/div><div class=\"slide \"><div class=\"slide_image\"><img decoding=\"async\" src=\"https:\/\/www.campingthesauque.com\/wp-content\/uploads\/2022\/02\/louer-emplacement-toulouse-100x56.jpg\" data-src=\"https:\/\/www.campingthesauque.com\/wp-content\/uploads\/2022\/02\/louer-emplacement-toulouse.jpg\" alt=\"Vacancier profitant du Wi-Fi dans une tente en plein air\" class=\"\" \/><\/div><\/div><\/div><\/div><\/section>\n\n<section id=\"section-61f3fe03cb171\"\" class=\"section bg-color4\" \/><div class=\"container extralarge\"><div class=\"colonnes-wrap valign-middle \"><div class=\"element colonne \"><div class=\"element images\"><div class=\"image\"><img decoding=\"async\" src=\"https:\/\/www.campingthesauque.com\/wp-content\/uploads\/2022\/02\/camping-caravaning-toulouse-1-100x67.jpg\" data-src=\"https:\/\/www.campingthesauque.com\/wp-content\/uploads\/2022\/02\/camping-caravaning-toulouse-1.jpg\" alt=\"camping caravaning toulouse\" class=\"images_image\" \/><\/div><\/div><\/div><div class=\"element colonne p-4\"><div class=\"element bloc-text justify \">\n\t<p>Todas nuestras parcelas de alquiler para caravanas est\u00e1n <strong class=\"bold color2\">limitadas por setos<\/strong> para preservar su intimidad. Para que su estancia sea agradable y convivencial, tambi\u00e9n puede aprovechar todos nuestros servicios de restauraci\u00f3n, las numerosas actividades organizadas y el acceso al Lago de la Th\u00e9sauque.<\/p>\n<p>Al elegir una parcela de caravana en el camping Le Lac de la Th\u00e9sauque, puede estar seguro de pasar unas <strong class=\"bold color2\">vacaciones cerca de la naturaleza<\/strong> y con el nivel de confort que desee.<\/p>\n<\/div><\/div><\/div><\/div><\/section>\n\n<section id=\"section-6213b0d21e89d\"\" class=\"section bg-white\" \/><div class=\"container extralarge\"><div class=\"colonnes-wrap valign-middle \"><div class=\"element colonne \"><h2 class=\"element section-title center title-deco color2\">Gama de nuestras parcelas para caravanas en Haute-Garonne<\/h2><div class=\"element bloc-text justify \">\n\t<p>Para que pueda elegir libremente su parcela de alquiler, le proponemos <strong class=\"bold color2\">diferentes niveles de equipamiento con 4 gamas<\/strong> de <a href=\"\/es\/camping-barato-montgeard\/\">pitchs desnudos a precios bajos<\/a>.<\/p>\n<p>Una <strong class=\"bold color2\">Parcela de gama natural<\/strong> tiene una superficie de 80 m2 y se ofrece sin electricidad. La <strong class=\"bold color2\">gama de confort<\/strong> le permite acceder a la electricidad. Los enchufes son europeos y pueden utilizarse con un adaptador universal. Los ofrecemos en pr\u00e9stamo o en venta seg\u00fan la disponibilidad en la recepci\u00f3n del camping.<\/p>\n<p>Las parcelas de la gama <strong class=\"bold color2\">Privilege<\/strong> tienen m\u00e1s de 110m2 con electricidad. Por \u00faltimo, le ofrecemos la gama <strong class=\"bold color2\">Freecamp Original<\/strong> con parcelas equipadas con instalaciones sanitarias y cocina individual con conexi\u00f3n de electricidad y agua. Gran comodidad para disfrutar de las tardes bajo las estrellas y de las noches en la tienda de campa\u00f1a.<\/p>\n<p>Todas las parcelas para caravanas, tiendas o autocaravanas est\u00e1n situadas <strong class=\"bold color2\">cerca de uno de los 4 bloques de aseos<\/strong>. Uno de los bloques sanitarios es accesible para personas con movilidad reducida.<\/p>\n<\/div><\/div><div class=\"element colonne \"><div class=\"element images\"><div class=\"image\"><img decoding=\"async\" src=\"https:\/\/www.campingthesauque.com\/wp-content\/uploads\/2022\/02\/location-emplacement-tente-toulouse-100x67.jpg\" data-src=\"https:\/\/www.campingthesauque.com\/wp-content\/uploads\/2022\/02\/location-emplacement-tente-toulouse.jpg\" alt=\"Vacanciers examinant un plan devant leur tente\" class=\"images_image\" \/><\/div><\/div><\/div><\/div><\/div><\/section>\n\n<section id=\"section-61f3fe03cb280\"\" class=\"section bg-white\" \/><div class=\"container extralarge\"><div class=\"element section-title center title-cta color3\">Nuestras tarifas y alquileres<\/div><ul class=\"liste-de-page\"><li class=\"element call-to-action carre call-to-action--style-1 call-to-action--big\"><a href=\"https:\/\/www.campingthesauque.com\/es\/piscina-de-camping-montgeard\/\"  class=\"call-to-action_link\" title=\"En savoir plus sur nuestra piscina\"><div class=\"call-to-action_image\"><img decoding=\"async\" src=\"https:\/\/www.campingthesauque.com\/wp-content\/uploads\/2022\/02\/camping-piscine-decouverte-toulouse-100x70.jpg\" data-src=\"https:\/\/www.campingthesauque.com\/wp-content\/uploads\/2022\/02\/camping-piscine-decouverte-toulouse.jpg\" alt=\"Moment de d\u00e9tente d\u2019un enfant au bord de la piscine\" class=\"big\" \/><\/div><div class=\"call-to-action_contenu\"><div class=\"call-to-action_titre\">Nuestra piscina<\/div><\/div><\/a><\/li><li class=\"element call-to-action carre call-to-action--style-1 call-to-action--big call-to-action--style-1 call-to-action--big\"><a href=\"https:\/\/www.campingthesauque.com\/es\/alquiler-de-casas-moviles-montgeard\/\"  class=\"call-to-action_link\" title=\"En savoir plus sur localizaciones\"><div class=\"call-to-action_image\"><img decoding=\"async\" src=\"https:\/\/www.campingthesauque.com\/wp-content\/uploads\/2022\/02\/louer-chalet-toulouse-100x70.jpg\" data-src=\"https:\/\/www.campingthesauque.com\/wp-content\/uploads\/2022\/02\/louer-chalet-toulouse.jpg\" alt=\"vue exterieur chalet toulouse\" class=\"big\" \/><\/div><div class=\"call-to-action_contenu\"><div class=\"call-to-action_titre\">Localizaciones<\/div><\/div><\/a><\/li><li class=\"element call-to-action carre call-to-action--style-1 call-to-action--big call-to-action--style-1 call-to-action--big call-to-action--style-1 call-to-action--big\"><a href=\"https:\/\/www.campingthesauque.com\/es\/camping-barato-montgeard\/\"  class=\"call-to-action_link\" title=\"En savoir plus sur nuestras tarifas\"><div class=\"call-to-action_image\"><img decoding=\"async\" src=\"https:\/\/www.campingthesauque.com\/wp-content\/uploads\/2023\/06\/camping-pas-cher-pres-de-toulouse-100x44.jpg\" data-src=\"https:\/\/www.campingthesauque.com\/wp-content\/uploads\/2023\/06\/camping-pas-cher-pres-de-toulouse.jpg\" alt=\"camping pas cher pres de toulouse\" class=\"big\" \/><\/div><div class=\"call-to-action_contenu\"><div class=\"call-to-action_titre\">Nuestras tarifas<\/div><\/div><\/a><\/li><\/ul><\/div><\/section>","protected":false},"excerpt":{"rendered":"","protected":false},"author":1,"featured_media":931,"parent":0,"menu_order":0,"comment_status":"closed","ping_status":"closed","template":"","meta":{"_acf_changed":false,"footnotes":""},"class_list":["post-2369","page","type-page","status-publish","has-post-thumbnail","hentry"],"acf":[],"yoast_head":"<!-- This site is optimized with the Yoast SEO plugin v25.3 - https:\/\/yoast.com\/wordpress\/plugins\/seo\/ -->\n<title>Emplazamiento Montgeard | Caravaning cerca de Toulouse (31)<\/title>\n<meta name=\"robots\" content=\"index, follow, max-snippet:-1, max-image-preview:large, max-video-preview:-1\" \/>\n<link rel=\"canonical\" href=\"https:\/\/www.campingthesauque.com\/es\/alquiler-de-parcelas-montgeard\/\" \/>\n<meta property=\"og:locale\" content=\"es_ES\" \/>\n<meta property=\"og:type\" content=\"article\" \/>\n<meta property=\"og:title\" content=\"Emplazamiento Montgeard | Caravaning cerca de Toulouse (31)\" \/>\n<meta property=\"og:url\" content=\"https:\/\/www.campingthesauque.com\/es\/alquiler-de-parcelas-montgeard\/\" \/>\n<meta property=\"og:site_name\" content=\"Camping le Lac de la Th\u00e9sauque\" \/>\n<meta property=\"article:publisher\" content=\"https:\/\/www.facebook.com\/CampingThesauque\/\" \/>\n<meta property=\"article:modified_time\" content=\"2023-06-16T08:09:18+00:00\" \/>\n<meta property=\"og:image\" content=\"https:\/\/www.campingthesauque.com\/wp-content\/uploads\/2022\/02\/emplacement-caravaning-montgeard-1.jpg\" \/>\n\t<meta property=\"og:image:width\" content=\"1903\" \/>\n\t<meta property=\"og:image:height\" content=\"600\" \/>\n\t<meta property=\"og:image:type\" content=\"image\/jpeg\" \/>\n<meta name=\"twitter:card\" content=\"summary_large_image\" \/>\n<script type=\"application\/ld+json\" class=\"yoast-schema-graph\">{\"@context\":\"https:\/\/schema.org\",\"@graph\":[{\"@type\":\"WebPage\",\"@id\":\"https:\/\/www.campingthesauque.com\/es\/alquiler-de-parcelas-montgeard\/\",\"url\":\"https:\/\/www.campingthesauque.com\/es\/alquiler-de-parcelas-montgeard\/\",\"name\":\"Emplazamiento Montgeard | Caravaning cerca de Toulouse (31)\",\"isPartOf\":{\"@id\":\"https:\/\/www.campingthesauque.com\/es\/#website\"},\"primaryImageOfPage\":{\"@id\":\"https:\/\/www.campingthesauque.com\/es\/alquiler-de-parcelas-montgeard\/#primaryimage\"},\"image\":{\"@id\":\"https:\/\/www.campingthesauque.com\/es\/alquiler-de-parcelas-montgeard\/#primaryimage\"},\"thumbnailUrl\":\"https:\/\/www.campingthesauque.com\/wp-content\/uploads\/2022\/02\/emplacement-caravaning-montgeard-1.jpg\",\"datePublished\":\"2022-01-21T16:07:58+00:00\",\"dateModified\":\"2023-06-16T08:09:18+00:00\",\"breadcrumb\":{\"@id\":\"https:\/\/www.campingthesauque.com\/es\/alquiler-de-parcelas-montgeard\/#breadcrumb\"},\"inLanguage\":\"es\",\"potentialAction\":[{\"@type\":\"ReadAction\",\"target\":[\"https:\/\/www.campingthesauque.com\/es\/alquiler-de-parcelas-montgeard\/\"]}]},{\"@type\":\"ImageObject\",\"inLanguage\":\"es\",\"@id\":\"https:\/\/www.campingthesauque.com\/es\/alquiler-de-parcelas-montgeard\/#primaryimage\",\"url\":\"https:\/\/www.campingthesauque.com\/wp-content\/uploads\/2022\/02\/emplacement-caravaning-montgeard-1.jpg\",\"contentUrl\":\"https:\/\/www.campingthesauque.com\/wp-content\/uploads\/2022\/02\/emplacement-caravaning-montgeard-1.jpg\",\"width\":1903,\"height\":600,\"caption\":\"emplacement caravaning montgeard\"},{\"@type\":\"BreadcrumbList\",\"@id\":\"https:\/\/www.campingthesauque.com\/es\/alquiler-de-parcelas-montgeard\/#breadcrumb\",\"itemListElement\":[{\"@type\":\"ListItem\",\"position\":1,\"name\":\"Camping Toulouse\",\"item\":\"https:\/\/www.campingthesauque.com\/es\/\"},{\"@type\":\"ListItem\",\"position\":2,\"name\":\"Ubicaci\u00f3n emplazamiento Montgeard\"}]},{\"@type\":\"WebSite\",\"@id\":\"https:\/\/www.campingthesauque.com\/es\/#website\",\"url\":\"https:\/\/www.campingthesauque.com\/es\/\",\"name\":\"Camping le Lac de la Th\u00e9sauque\",\"description\":\"\",\"publisher\":{\"@id\":\"https:\/\/www.campingthesauque.com\/es\/#organization\"},\"potentialAction\":[{\"@type\":\"SearchAction\",\"target\":{\"@type\":\"EntryPoint\",\"urlTemplate\":\"https:\/\/www.campingthesauque.com\/es\/?s={search_term_string}\"},\"query-input\":{\"@type\":\"PropertyValueSpecification\",\"valueRequired\":true,\"valueName\":\"search_term_string\"}}],\"inLanguage\":\"es\"},{\"@type\":\"Organization\",\"@id\":\"https:\/\/www.campingthesauque.com\/es\/#organization\",\"name\":\"Camping du Lac de la Th\u00e9sauque\",\"url\":\"https:\/\/www.campingthesauque.com\/es\/\",\"logo\":{\"@type\":\"ImageObject\",\"inLanguage\":\"es\",\"@id\":\"https:\/\/www.campingthesauque.com\/es\/#\/schema\/logo\/image\/\",\"url\":\"https:\/\/www.campingthesauque.com\/wp-content\/uploads\/2022\/01\/logo-camping.png\",\"contentUrl\":\"https:\/\/www.campingthesauque.com\/wp-content\/uploads\/2022\/01\/logo-camping.png\",\"width\":411,\"height\":92,\"caption\":\"Camping du Lac de la Th\u00e9sauque\"},\"image\":{\"@id\":\"https:\/\/www.campingthesauque.com\/es\/#\/schema\/logo\/image\/\"},\"sameAs\":[\"https:\/\/www.facebook.com\/CampingThesauque\/\"]}]}<\/script>\n<!-- \/ Yoast SEO plugin. -->","yoast_head_json":{"title":"Emplazamiento Montgeard | Caravaning cerca de Toulouse (31)","robots":{"index":"index","follow":"follow","max-snippet":"max-snippet:-1","max-image-preview":"max-image-preview:large","max-video-preview":"max-video-preview:-1"},"canonical":"https:\/\/www.campingthesauque.com\/es\/alquiler-de-parcelas-montgeard\/","og_locale":"es_ES","og_type":"article","og_title":"Emplazamiento Montgeard | Caravaning cerca de Toulouse (31)","og_url":"https:\/\/www.campingthesauque.com\/es\/alquiler-de-parcelas-montgeard\/","og_site_name":"Camping le Lac de la Th\u00e9sauque","article_publisher":"https:\/\/www.facebook.com\/CampingThesauque\/","article_modified_time":"2023-06-16T08:09:18+00:00","og_image":[{"width":1903,"height":600,"url":"https:\/\/www.campingthesauque.com\/wp-content\/uploads\/2022\/02\/emplacement-caravaning-montgeard-1.jpg","type":"image\/jpeg"}],"twitter_card":"summary_large_image","schema":{"@context":"https:\/\/schema.org","@graph":[{"@type":"WebPage","@id":"https:\/\/www.campingthesauque.com\/es\/alquiler-de-parcelas-montgeard\/","url":"https:\/\/www.campingthesauque.com\/es\/alquiler-de-parcelas-montgeard\/","name":"Emplazamiento Montgeard | Caravaning cerca de Toulouse (31)","isPartOf":{"@id":"https:\/\/www.campingthesauque.com\/es\/#website"},"primaryImageOfPage":{"@id":"https:\/\/www.campingthesauque.com\/es\/alquiler-de-parcelas-montgeard\/#primaryimage"},"image":{"@id":"https:\/\/www.campingthesauque.com\/es\/alquiler-de-parcelas-montgeard\/#primaryimage"},"thumbnailUrl":"https:\/\/www.campingthesauque.com\/wp-content\/uploads\/2022\/02\/emplacement-caravaning-montgeard-1.jpg","datePublished":"2022-01-21T16:07:58+00:00","dateModified":"2023-06-16T08:09:18+00:00","breadcrumb":{"@id":"https:\/\/www.campingthesauque.com\/es\/alquiler-de-parcelas-montgeard\/#breadcrumb"},"inLanguage":"es","potentialAction":[{"@type":"ReadAction","target":["https:\/\/www.campingthesauque.com\/es\/alquiler-de-parcelas-montgeard\/"]}]},{"@type":"ImageObject","inLanguage":"es","@id":"https:\/\/www.campingthesauque.com\/es\/alquiler-de-parcelas-montgeard\/#primaryimage","url":"https:\/\/www.campingthesauque.com\/wp-content\/uploads\/2022\/02\/emplacement-caravaning-montgeard-1.jpg","contentUrl":"https:\/\/www.campingthesauque.com\/wp-content\/uploads\/2022\/02\/emplacement-caravaning-montgeard-1.jpg","width":1903,"height":600,"caption":"emplacement caravaning montgeard"},{"@type":"BreadcrumbList","@id":"https:\/\/www.campingthesauque.com\/es\/alquiler-de-parcelas-montgeard\/#breadcrumb","itemListElement":[{"@type":"ListItem","position":1,"name":"Camping Toulouse","item":"https:\/\/www.campingthesauque.com\/es\/"},{"@type":"ListItem","position":2,"name":"Ubicaci\u00f3n emplazamiento Montgeard"}]},{"@type":"WebSite","@id":"https:\/\/www.campingthesauque.com\/es\/#website","url":"https:\/\/www.campingthesauque.com\/es\/","name":"Camping le Lac de la Th\u00e9sauque","description":"","publisher":{"@id":"https:\/\/www.campingthesauque.com\/es\/#organization"},"potentialAction":[{"@type":"SearchAction","target":{"@type":"EntryPoint","urlTemplate":"https:\/\/www.campingthesauque.com\/es\/?s={search_term_string}"},"query-input":{"@type":"PropertyValueSpecification","valueRequired":true,"valueName":"search_term_string"}}],"inLanguage":"es"},{"@type":"Organization","@id":"https:\/\/www.campingthesauque.com\/es\/#organization","name":"Camping du Lac de la Th\u00e9sauque","url":"https:\/\/www.campingthesauque.com\/es\/","logo":{"@type":"ImageObject","inLanguage":"es","@id":"https:\/\/www.campingthesauque.com\/es\/#\/schema\/logo\/image\/","url":"https:\/\/www.campingthesauque.com\/wp-content\/uploads\/2022\/01\/logo-camping.png","contentUrl":"https:\/\/www.campingthesauque.com\/wp-content\/uploads\/2022\/01\/logo-camping.png","width":411,"height":92,"caption":"Camping du Lac de la Th\u00e9sauque"},"image":{"@id":"https:\/\/www.campingthesauque.com\/es\/#\/schema\/logo\/image\/"},"sameAs":["https:\/\/www.facebook.com\/CampingThesauque\/"]}]}},"_links":{"self":[{"href":"https:\/\/www.campingthesauque.com\/es\/wp-json\/wp\/v2\/pages\/2369","targetHints":{"allow":["GET"]}}],"collection":[{"href":"https:\/\/www.campingthesauque.com\/es\/wp-json\/wp\/v2\/pages"}],"about":[{"href":"https:\/\/www.campingthesauque.com\/es\/wp-json\/wp\/v2\/types\/page"}],"author":[{"embeddable":true,"href":"https:\/\/www.campingthesauque.com\/es\/wp-json\/wp\/v2\/users\/1"}],"replies":[{"embeddable":true,"href":"https:\/\/www.campingthesauque.com\/es\/wp-json\/wp\/v2\/comments?post=2369"}],"version-history":[{"count":3,"href":"https:\/\/www.campingthesauque.com\/es\/wp-json\/wp\/v2\/pages\/2369\/revisions"}],"predecessor-version":[{"id":4437,"href":"https:\/\/www.campingthesauque.com\/es\/wp-json\/wp\/v2\/pages\/2369\/revisions\/4437"}],"wp:featuredmedia":[{"embeddable":true,"href":"https:\/\/www.campingthesauque.com\/es\/wp-json\/wp\/v2\/media\/931"}],"wp:attachment":[{"href":"https:\/\/www.campingthesauque.com\/es\/wp-json\/wp\/v2\/media?parent=2369"}],"curies":[{"name":"wp","href":"https:\/\/api.w.org\/{rel}","templated":true}]}}