{"id":2365,"date":"2022-01-21T17:10:13","date_gmt":"2022-01-21T16:10:13","guid":{"rendered":"https:\/\/www.campingthesauque.com\/contact-et-acces\/"},"modified":"2022-09-12T16:38:39","modified_gmt":"2022-09-12T14:38:39","slug":"contacto-y-acceso","status":"publish","type":"page","link":"https:\/\/www.campingthesauque.com\/es\/contacto-y-acceso\/","title":{"rendered":"Contact et acc\u00e8s"},"content":{"rendered":"<section id=\"section-6221f009d01ef\"\" class=\"section p-b-0 bg-white\" \/><div class=\"container\"><h1 class=\"element section-title center\">Contacto y acceso<\/h1><\/div><\/section>\n\n<section id=\"section-6221f009d0365\"\" class=\"section bg-white\" \/><div class=\"container extralarge\"><div class=\"colonnes-wrap valign-top \"><div class=\"element colonne \"><div class=\"formulaire-de-contact\">\n<div class=\"wpcf7 no-js\" id=\"wpcf7-f2182-o1\" lang=\"fr-FR\" dir=\"ltr\" data-wpcf7-id=\"2182\">\n<div class=\"screen-reader-response\"><p role=\"status\" aria-live=\"polite\" aria-atomic=\"true\"><\/p> <ul><\/ul><\/div>\n<form action=\"\/es\/wp-json\/wp\/v2\/pages\/2365#wpcf7-f2182-o1\" method=\"post\" class=\"wpcf7-form init\" aria-label=\"Formulaire de contact\" novalidate=\"novalidate\" data-status=\"init\">\n<div style=\"display: none;\">\n<input type=\"hidden\" name=\"_wpcf7\" value=\"2182\" \/>\n<input type=\"hidden\" name=\"_wpcf7_version\" value=\"6.0.4\" \/>\n<input type=\"hidden\" name=\"_wpcf7_locale\" value=\"fr_FR\" \/>\n<input type=\"hidden\" name=\"_wpcf7_unit_tag\" value=\"wpcf7-f2182-o1\" \/>\n<input type=\"hidden\" name=\"_wpcf7_container_post\" value=\"0\" \/>\n<input type=\"hidden\" name=\"_wpcf7_posted_data_hash\" value=\"\" \/>\n<input type=\"hidden\" name=\"_wpcf7_recaptcha_response\" value=\"\" \/>\n<\/div>\n<p><span class=\"wpcf7-form-control-wrap\" data-name=\"your-name\"><input size=\"40\" maxlength=\"400\" class=\"wpcf7-form-control wpcf7-text wpcf7-validates-as-required\" aria-required=\"true\" aria-invalid=\"false\" placeholder=\"Su nombre ...\" value=\"\" type=\"text\" name=\"your-name\" \/><\/span><span class=\"wpcf7-form-control-wrap\" data-name=\"your-email\"><input size=\"40\" maxlength=\"400\" class=\"wpcf7-form-control wpcf7-email wpcf7-validates-as-required wpcf7-text wpcf7-validates-as-email\" aria-required=\"true\" aria-invalid=\"false\" placeholder=\"Su correo electr\u00f3nico ...\" value=\"\" type=\"email\" name=\"your-email\" \/><\/span><span class=\"wpcf7-form-control-wrap\" data-name=\"your-subject\"><input size=\"40\" maxlength=\"400\" class=\"wpcf7-form-control wpcf7-text\" aria-invalid=\"false\" placeholder=\"Asunto ...\" value=\"\" type=\"text\" name=\"your-subject\" \/><\/span><span class=\"wpcf7-form-control-wrap\" data-name=\"your-message\"><textarea cols=\"40\" rows=\"10\" maxlength=\"2000\" class=\"wpcf7-form-control wpcf7-textarea\" aria-invalid=\"false\" placeholder=\"Su mensaje ...\" name=\"your-message\"><\/textarea><\/span><span class=\"wpcf7-form-control-wrap\" data-name=\"acceptance-553\"><span class=\"wpcf7-form-control wpcf7-acceptance\"><span class=\"wpcf7-list-item\"><label><input type=\"checkbox\" name=\"acceptance-553\" value=\"1\" aria-invalid=\"false\" \/><span class=\"wpcf7-list-item-label\">Al marcar esta casilla, acepto la <a href=\"\/es\/politica-de-privacidad\/\" rel=\"nofollow\" target=\"_blank\">Pol\u00edtica de privacidad<\/a> de este sitio.<\/span><\/label><\/span><\/span><\/span>\n<input class=\"wpcf7-form-control wpcf7-submit has-spinner\" type=\"submit\" value=\"Send\" \/>\n<\/p><div class=\"wpcf7-response-output\" aria-hidden=\"true\"><\/div>\n<\/form>\n<\/div>\n<\/div><\/div><div class=\"element colonne \"><h2 class=\"element section-title center title-deco color2\">Contacto<\/h2><div class=\"element bloc-text justify \">\n\t<p>Nuestro equipo est\u00e1 a su disposici\u00f3n si lo necesita.<\/p>\n<p>Nuestro establecimiento est\u00e1 adaptado para personas con movilidad reducida.<\/p>\n<p>Si tiene alguna pregunta o petici\u00f3n especial para su estancia en <a href=\"\/es\/\">Camping le Lac de la Th\u00e9sauque<\/a>, no dude en ponerse en contacto con nosotros a trav\u00e9s de nuestro formulario de contacto en l\u00ednea.<\/p>\n<p>Tambi\u00e9n puede ponerse en contacto con nosotros por tel\u00e9fono en el <strong>05.61.81.34.67<\/strong> o por correo electr\u00f3nico <strong>camping@thesauque.com.\u00a0<\/strong><\/p>\n<p>Estaremos encantados de darle una respuesta.<\/p>\n<\/div><\/div><\/div><\/div><\/section>\n\n<section id=\"section-6221f009d0469\"\" class=\"section bg-color4\" \/><div class=\"container extralarge\"><div class=\"colonnes-wrap valign-middle \"><div class=\"element colonne \"><h2 class=\"element section-title left title-deco color2\">Acceda a<\/h2><div class=\"element bloc-text justify \">\n\t<p>El camping est\u00e1 a un paso de la autopista A9 que va de Toulouse a Foix, Andorra y Espa\u00f1a, y tambi\u00e9n de la autopista A61 que une Toulouse con el Mediterr\u00e1neo.<\/p>\n<p><strong>Horario de recepci\u00f3n :<\/strong><br \/>\ntemporada baja: de 16 a 18 horas<br \/>\nmedia temporada: 10h-12h \/ 16h-7h<br \/>\ntemporada alta: 8-12pm \/ 3pm-7pm<\/p>\n<p><strong>GPS<\/strong> : N 43\u00b0 21\u2032 18\u2033\u00a0\u00a0 E 1\u00b0 38\u2032 53<\/p>\n<p><strong>Direcci\u00f3n:<br \/>\n<\/strong>Camping du lac de la Th\u00e9sauque<br \/>\n384 chemin de la Th\u00e9sauque 31560 Montgeard<\/p>\n<\/div><\/div><div class=\"element colonne \"><div class=\"element bloc-text\">\n\t<iframe src=\"https:\/\/www.google.com\/maps\/embed?pb=!1m14!1m8!1m3!1d11604.107946988192!2d1.6481749!3d43.3555461!3m2!1i1024!2i768!4f13.1!3m3!1m2!1s0x0%3A0x6645643555b41575!2sFlower%20Camping%20du%20Lac%20de%20La%20Th%C3%A9sauque!5e0!3m2!1sfr!2sfr!4v1646389621758!5m2!1sfr!2sfr\" width=\"100%\" height=\"450\" style=\"border:none;\" allowfullscreen=\"\" loading=\"lazy\"><\/iframe><\/div><\/div><\/div><\/div><\/section>","protected":false},"excerpt":{"rendered":"","protected":false},"author":1,"featured_media":1469,"parent":0,"menu_order":0,"comment_status":"closed","ping_status":"closed","template":"","meta":{"_acf_changed":false,"footnotes":""},"class_list":["post-2365","page","type-page","status-publish","has-post-thumbnail","hentry"],"acf":[],"yoast_head":"<!-- This site is optimized with the Yoast SEO plugin v25.3 - https:\/\/yoast.com\/wordpress\/plugins\/seo\/ -->\n<title>Contacto y acceso | Camping le Lac de la Th\u00e9sauque<\/title>\n<meta name=\"robots\" content=\"index, follow, max-snippet:-1, max-image-preview:large, max-video-preview:-1\" \/>\n<link rel=\"canonical\" href=\"https:\/\/www.campingthesauque.com\/es\/contacto-y-acceso\/\" \/>\n<meta property=\"og:locale\" content=\"es_ES\" \/>\n<meta property=\"og:type\" content=\"article\" \/>\n<meta property=\"og:title\" content=\"Contacto y acceso | Camping le Lac de la Th\u00e9sauque\" \/>\n<meta property=\"og:url\" content=\"https:\/\/www.campingthesauque.com\/es\/contacto-y-acceso\/\" \/>\n<meta property=\"og:site_name\" content=\"Camping le Lac de la Th\u00e9sauque\" \/>\n<meta property=\"article:publisher\" content=\"https:\/\/www.facebook.com\/CampingThesauque\/\" \/>\n<meta property=\"article:modified_time\" content=\"2022-09-12T14:38:39+00:00\" \/>\n<meta name=\"twitter:card\" content=\"summary_large_image\" \/>\n<script type=\"application\/ld+json\" class=\"yoast-schema-graph\">{\"@context\":\"https:\/\/schema.org\",\"@graph\":[{\"@type\":\"WebPage\",\"@id\":\"https:\/\/www.campingthesauque.com\/es\/contacto-y-acceso\/\",\"url\":\"https:\/\/www.campingthesauque.com\/es\/contacto-y-acceso\/\",\"name\":\"Contacto y acceso | Camping le Lac de la Th\u00e9sauque\",\"isPartOf\":{\"@id\":\"https:\/\/www.campingthesauque.com\/es\/#website\"},\"primaryImageOfPage\":{\"@id\":\"https:\/\/www.campingthesauque.com\/es\/contacto-y-acceso\/#primaryimage\"},\"image\":{\"@id\":\"https:\/\/www.campingthesauque.com\/es\/contacto-y-acceso\/#primaryimage\"},\"thumbnailUrl\":\"https:\/\/www.campingthesauque.com\/wp-content\/uploads\/2022\/03\/visite-toulouse.jpg\",\"datePublished\":\"2022-01-21T16:10:13+00:00\",\"dateModified\":\"2022-09-12T14:38:39+00:00\",\"breadcrumb\":{\"@id\":\"https:\/\/www.campingthesauque.com\/es\/contacto-y-acceso\/#breadcrumb\"},\"inLanguage\":\"es\",\"potentialAction\":[{\"@type\":\"ReadAction\",\"target\":[\"https:\/\/www.campingthesauque.com\/es\/contacto-y-acceso\/\"]}]},{\"@type\":\"ImageObject\",\"inLanguage\":\"es\",\"@id\":\"https:\/\/www.campingthesauque.com\/es\/contacto-y-acceso\/#primaryimage\",\"url\":\"https:\/\/www.campingthesauque.com\/wp-content\/uploads\/2022\/03\/visite-toulouse.jpg\",\"contentUrl\":\"https:\/\/www.campingthesauque.com\/wp-content\/uploads\/2022\/03\/visite-toulouse.jpg\",\"width\":1900,\"height\":700,\"caption\":\"visite toulouse\"},{\"@type\":\"BreadcrumbList\",\"@id\":\"https:\/\/www.campingthesauque.com\/es\/contacto-y-acceso\/#breadcrumb\",\"itemListElement\":[{\"@type\":\"ListItem\",\"position\":1,\"name\":\"Camping Toulouse\",\"item\":\"https:\/\/www.campingthesauque.com\/es\/\"},{\"@type\":\"ListItem\",\"position\":2,\"name\":\"Contacto y acceso\"}]},{\"@type\":\"WebSite\",\"@id\":\"https:\/\/www.campingthesauque.com\/es\/#website\",\"url\":\"https:\/\/www.campingthesauque.com\/es\/\",\"name\":\"Camping le Lac de la Th\u00e9sauque\",\"description\":\"\",\"publisher\":{\"@id\":\"https:\/\/www.campingthesauque.com\/es\/#organization\"},\"potentialAction\":[{\"@type\":\"SearchAction\",\"target\":{\"@type\":\"EntryPoint\",\"urlTemplate\":\"https:\/\/www.campingthesauque.com\/es\/?s={search_term_string}\"},\"query-input\":{\"@type\":\"PropertyValueSpecification\",\"valueRequired\":true,\"valueName\":\"search_term_string\"}}],\"inLanguage\":\"es\"},{\"@type\":\"Organization\",\"@id\":\"https:\/\/www.campingthesauque.com\/es\/#organization\",\"name\":\"Camping du Lac de la Th\u00e9sauque\",\"url\":\"https:\/\/www.campingthesauque.com\/es\/\",\"logo\":{\"@type\":\"ImageObject\",\"inLanguage\":\"es\",\"@id\":\"https:\/\/www.campingthesauque.com\/es\/#\/schema\/logo\/image\/\",\"url\":\"https:\/\/www.campingthesauque.com\/wp-content\/uploads\/2022\/01\/logo-camping.png\",\"contentUrl\":\"https:\/\/www.campingthesauque.com\/wp-content\/uploads\/2022\/01\/logo-camping.png\",\"width\":411,\"height\":92,\"caption\":\"Camping du Lac de la Th\u00e9sauque\"},\"image\":{\"@id\":\"https:\/\/www.campingthesauque.com\/es\/#\/schema\/logo\/image\/\"},\"sameAs\":[\"https:\/\/www.facebook.com\/CampingThesauque\/\"]}]}<\/script>\n<!-- \/ Yoast SEO plugin. -->","yoast_head_json":{"title":"Contacto y acceso | Camping le Lac de la Th\u00e9sauque","robots":{"index":"index","follow":"follow","max-snippet":"max-snippet:-1","max-image-preview":"max-image-preview:large","max-video-preview":"max-video-preview:-1"},"canonical":"https:\/\/www.campingthesauque.com\/es\/contacto-y-acceso\/","og_locale":"es_ES","og_type":"article","og_title":"Contacto y acceso | Camping le Lac de la Th\u00e9sauque","og_url":"https:\/\/www.campingthesauque.com\/es\/contacto-y-acceso\/","og_site_name":"Camping le Lac de la Th\u00e9sauque","article_publisher":"https:\/\/www.facebook.com\/CampingThesauque\/","article_modified_time":"2022-09-12T14:38:39+00:00","twitter_card":"summary_large_image","schema":{"@context":"https:\/\/schema.org","@graph":[{"@type":"WebPage","@id":"https:\/\/www.campingthesauque.com\/es\/contacto-y-acceso\/","url":"https:\/\/www.campingthesauque.com\/es\/contacto-y-acceso\/","name":"Contacto y acceso | Camping le Lac de la Th\u00e9sauque","isPartOf":{"@id":"https:\/\/www.campingthesauque.com\/es\/#website"},"primaryImageOfPage":{"@id":"https:\/\/www.campingthesauque.com\/es\/contacto-y-acceso\/#primaryimage"},"image":{"@id":"https:\/\/www.campingthesauque.com\/es\/contacto-y-acceso\/#primaryimage"},"thumbnailUrl":"https:\/\/www.campingthesauque.com\/wp-content\/uploads\/2022\/03\/visite-toulouse.jpg","datePublished":"2022-01-21T16:10:13+00:00","dateModified":"2022-09-12T14:38:39+00:00","breadcrumb":{"@id":"https:\/\/www.campingthesauque.com\/es\/contacto-y-acceso\/#breadcrumb"},"inLanguage":"es","potentialAction":[{"@type":"ReadAction","target":["https:\/\/www.campingthesauque.com\/es\/contacto-y-acceso\/"]}]},{"@type":"ImageObject","inLanguage":"es","@id":"https:\/\/www.campingthesauque.com\/es\/contacto-y-acceso\/#primaryimage","url":"https:\/\/www.campingthesauque.com\/wp-content\/uploads\/2022\/03\/visite-toulouse.jpg","contentUrl":"https:\/\/www.campingthesauque.com\/wp-content\/uploads\/2022\/03\/visite-toulouse.jpg","width":1900,"height":700,"caption":"visite toulouse"},{"@type":"BreadcrumbList","@id":"https:\/\/www.campingthesauque.com\/es\/contacto-y-acceso\/#breadcrumb","itemListElement":[{"@type":"ListItem","position":1,"name":"Camping Toulouse","item":"https:\/\/www.campingthesauque.com\/es\/"},{"@type":"ListItem","position":2,"name":"Contacto y acceso"}]},{"@type":"WebSite","@id":"https:\/\/www.campingthesauque.com\/es\/#website","url":"https:\/\/www.campingthesauque.com\/es\/","name":"Camping le Lac de la Th\u00e9sauque","description":"","publisher":{"@id":"https:\/\/www.campingthesauque.com\/es\/#organization"},"potentialAction":[{"@type":"SearchAction","target":{"@type":"EntryPoint","urlTemplate":"https:\/\/www.campingthesauque.com\/es\/?s={search_term_string}"},"query-input":{"@type":"PropertyValueSpecification","valueRequired":true,"valueName":"search_term_string"}}],"inLanguage":"es"},{"@type":"Organization","@id":"https:\/\/www.campingthesauque.com\/es\/#organization","name":"Camping du Lac de la Th\u00e9sauque","url":"https:\/\/www.campingthesauque.com\/es\/","logo":{"@type":"ImageObject","inLanguage":"es","@id":"https:\/\/www.campingthesauque.com\/es\/#\/schema\/logo\/image\/","url":"https:\/\/www.campingthesauque.com\/wp-content\/uploads\/2022\/01\/logo-camping.png","contentUrl":"https:\/\/www.campingthesauque.com\/wp-content\/uploads\/2022\/01\/logo-camping.png","width":411,"height":92,"caption":"Camping du Lac de la Th\u00e9sauque"},"image":{"@id":"https:\/\/www.campingthesauque.com\/es\/#\/schema\/logo\/image\/"},"sameAs":["https:\/\/www.facebook.com\/CampingThesauque\/"]}]}},"_links":{"self":[{"href":"https:\/\/www.campingthesauque.com\/es\/wp-json\/wp\/v2\/pages\/2365","targetHints":{"allow":["GET"]}}],"collection":[{"href":"https:\/\/www.campingthesauque.com\/es\/wp-json\/wp\/v2\/pages"}],"about":[{"href":"https:\/\/www.campingthesauque.com\/es\/wp-json\/wp\/v2\/types\/page"}],"author":[{"embeddable":true,"href":"https:\/\/www.campingthesauque.com\/es\/wp-json\/wp\/v2\/users\/1"}],"replies":[{"embeddable":true,"href":"https:\/\/www.campingthesauque.com\/es\/wp-json\/wp\/v2\/comments?post=2365"}],"version-history":[{"count":0,"href":"https:\/\/www.campingthesauque.com\/es\/wp-json\/wp\/v2\/pages\/2365\/revisions"}],"wp:featuredmedia":[{"embeddable":true,"href":"https:\/\/www.campingthesauque.com\/es\/wp-json\/wp\/v2\/media\/1469"}],"wp:attachment":[{"href":"https:\/\/www.campingthesauque.com\/es\/wp-json\/wp\/v2\/media?parent=2365"}],"curies":[{"name":"wp","href":"https:\/\/api.w.org\/{rel}","templated":true}]}}