{"id":2101,"date":"2022-01-21T16:39:18","date_gmt":"2022-01-21T15:39:18","guid":{"rendered":"https:\/\/www.campingthesauque.com\/accueil\/"},"modified":"2023-06-16T10:08:31","modified_gmt":"2023-06-16T08:08:31","slug":"inicio","status":"publish","type":"page","link":"https:\/\/www.campingthesauque.com\/es\/","title":{"rendered":"Accueil"},"content":{"rendered":"<section id=\"section-61ef0be8af05d\"\" class=\"section home-first bg-color4\" \/><div class=\"container extralarge\"><div class=\"colonnes-wrap valign-middle \"><div class=\"element colonne w-40\"><div class=\"element images\"><div class=\"image\"><img decoding=\"async\" src=\"https:\/\/www.campingthesauque.com\/wp-content\/uploads\/2022\/01\/camping-proche_lac-thesauque-100x100.png\" data-src=\"https:\/\/www.campingthesauque.com\/wp-content\/uploads\/2022\/01\/camping-proche_lac-thesauque.png\" alt=\"Basilique Saint\u2011Sernin \u00e0 Toulous\" class=\"images_image\" \/><\/div><div class=\"image\"><img decoding=\"async\" src=\"https:\/\/www.campingthesauque.com\/wp-content\/uploads\/2022\/01\/camping-nailloux-100x100.png\" data-src=\"https:\/\/www.campingthesauque.com\/wp-content\/uploads\/2022\/01\/camping-nailloux.png\" alt=\"Le g\u00e9ranium de mad\u00e8re\" class=\"images_image\" \/><\/div><div class=\"image\"><img decoding=\"async\" src=\"https:\/\/www.campingthesauque.com\/wp-content\/uploads\/2022\/01\/camping-thesauque-100x100.png\" data-src=\"https:\/\/www.campingthesauque.com\/wp-content\/uploads\/2022\/01\/camping-thesauque.png\" alt=\"Vue panoramique du lac de la Th\u00e9sauque pr\u00e8s de Toulouse\" class=\"images_image\" \/><\/div><\/div><\/div><div class=\"element colonne w-60\"><h1 class=\"element section-title left color1\">Bienvenido al Camping Le Lac de la Th\u00e9sauque, a 30 minutos de Toulouse<\/h1><div class=\"element section-title left color1\">\u00bfUn camping cerca de Toulouse? Escapada al lago de Th\u00e9sauque en Nailloux<\/div><div class=\"element bloc-text justify \">\n\t<p>Verdadero remanso de paz, el camping del Lago de la Th\u00e9sauque goza de un entorno natural en <strong class=\"bold color1\">l\u00edmites del bosque<\/strong> y con <strong class=\"bold color1\">acceso directo al lago<\/strong>. Situado cerca de la ciudad rosa y a 5 minutos de Nailloux, sus vacaciones estar\u00e1n marcadas por las visitas y la relajaci\u00f3n.<\/p>\n<\/div><\/div><\/div><\/div><\/section>\n\n<section id=\"section-61ef0be8af1a1\"\" class=\"section home-second bg-color4\" \/><div class=\"container full\"><h2 class=\"element section-title left color3\">Un camping con piscina<\/h2><div class=\"element section-title left color3 title-deco\">para j\u00f3venes y mayores<\/div><div class=\"element bloc-text justify white\">\n\t<p><strong class=\"bold color4\">Un lugar de ba\u00f1o tranquilo<\/strong>, nuestra <a href=\"\/es\/piscina-de-camping-montgeard\/\">piscina se calienta de forma natural<\/a> por el sol occitano. <strong class=\"bold color4\">Disfrute del ba\u00f1o en el agua a una temperatura agradable<\/strong>, que se hace a\u00fan m\u00e1s agradable por la ausencia de juegos de agua. <\/p>\n<\/div><div class=\"element images\"><div class=\"image\"><img decoding=\"async\" src=\"https:\/\/www.campingthesauque.com\/wp-content\/uploads\/2022\/01\/camping-piscine-thesauque-100x78.jpg\" data-src=\"https:\/\/www.campingthesauque.com\/wp-content\/uploads\/2022\/01\/camping-piscine-thesauque.jpg\" alt=\"enfant qui nage\" class=\"images_image\" \/><\/div><div class=\"image\"><img decoding=\"async\" src=\"https:\/\/www.campingthesauque.com\/wp-content\/uploads\/2022\/01\/camping-parc-aquatique-thesauque-100x93.jpg\" data-src=\"https:\/\/www.campingthesauque.com\/wp-content\/uploads\/2022\/01\/camping-parc-aquatique-thesauque.jpg\" alt=\"Enfant s\u2019amusant dans l\u2019eau de la piscine\" class=\"images_image\" \/><\/div><div class=\"image\"><img decoding=\"async\" src=\"https:\/\/www.campingthesauque.com\/wp-content\/uploads\/2022\/01\/camping-piscine-nailloux-94x100.jpg\" data-src=\"https:\/\/www.campingthesauque.com\/wp-content\/uploads\/2022\/01\/camping-piscine-nailloux.jpg\" alt=\"D\u00e9tente estivale sur une bou\u00e9e dans une piscine bleue\" class=\"images_image\" \/><\/div><\/div><a href=\"\/es\/piscina-de-camping-montgeard\/\" title=\"Descubra la piscina\" class=\"element bouton center\" ><span>Descubra la piscina<\/span><\/a><\/div><\/section>\n\n<section id=\"section-61ef0be8af32c\"\" class=\"section home-third bg-color5 section--has-bg-img\" \/><img decoding=\"async\" src=\"https:\/\/www.campingthesauque.com\/wp-content\/uploads\/2022\/01\/camping-bord-de-lac-thesauque-100x30.jpg\" data-src=\"https:\/\/www.campingthesauque.com\/wp-content\/uploads\/2022\/01\/camping-bord-de-lac-thesauque.jpg\" alt=\"Paysage calme du lac de la Th\u00e9sauque\" class=\"section_bg-img\" data-opacite=\"0.2\"\/><div class=\"container extralarge\"><h2 class=\"element section-title center color3\">Camping a orillas del lago de Th\u00e9sauque<\/h2><div class=\"colonnes-wrap valign-middle \"><div class=\"element colonne \"><div class=\"element bloc-text\">\n\t<div class=\"thesauque-lac\">\r\n    <p><strong>Acceso directo<\/strong> al lago<\/p>\r\n<\/div><\/div><\/div><div class=\"element colonne \"><div class=\"element bloc-text\">\n\t<div class=\"thesauque-activites\">\r\n<p><strong>Actividades<\/strong> acu\u00e1ticas<\/p>\r\n<\/div><\/div><\/div><div class=\"element colonne \"><div class=\"element bloc-text\">\n\t<div class=\"thesauque-peche\">\r\n<p><strong>Ideal para<\/strong> la pesca<\/p>\r\n<\/div><\/div><\/div><div class=\"element colonne \"><div class=\"element bloc-text\">\n\t<div class=\"thesauque-canal\">\r\n<p><strong>Cerca<\/strong> Canal du Midi<\/p>\r\n<\/div><\/div><\/div><\/div><\/div><\/section>\n\n<section id=\"section-61ef0be8af518\"\" class=\"section home-fourth bg-white\" \/><div class=\"container full\"><h2 class=\"element section-title left color1\">Descubra nuestros alojamientos<\/h2><div class=\"element section-title left color2 title-deco\">Alquileres y ubicaciones<\/div><div class=\"colonnes-wrap valign-middle \"><div class=\"element colonne w-20\"><div class=\"element bloc-text\">\n\t<div class=\"citation-heberg\">\r\n<strong>El tiempo<\/strong> de una noche, o varias, <strong>en la orilla del lago<\/strong>\r\n<\/div><\/div><\/div><div class=\"element colonne w-40\"><div class=\"element call-to-action  call-to-action--style-1 call-to-action--big\"><a href=\"https:\/\/www.campingthesauque.com\/es\/alquiler-de-casas-moviles-montgeard\/\"  class=\"call-to-action_link\" title=\"En savoir plus sur descubra\"><div class=\"call-to-action_image\"><img decoding=\"async\" src=\"https:\/\/www.campingthesauque.com\/wp-content\/uploads\/2022\/01\/location-camping-thesauque-100x79.jpg\" data-src=\"https:\/\/www.campingthesauque.com\/wp-content\/uploads\/2022\/01\/location-camping-thesauque-e1649835454648.jpg\" alt=\"vue exterieur chalet\" class=\"big\" \/><\/div><div class=\"call-to-action_contenu\"><div class=\"call-to-action_titre\">Descubra<\/div><div class=\"call-to-action_sous-titre\">Alquileres<\/div><\/div><\/a><\/div><\/div><div class=\"element colonne w-40\"><div class=\"element call-to-action  call-to-action--style-1 call-to-action--big\"><a href=\"https:\/\/www.campingthesauque.com\/es\/alquiler-de-parcelas-montgeard\/\"  class=\"call-to-action_link\" title=\"En savoir plus sur descubra\"><div class=\"call-to-action_image\"><img decoding=\"async\" src=\"https:\/\/www.campingthesauque.com\/wp-content\/uploads\/2022\/01\/emplacement-camping-thesauque-100x79.jpg\" data-src=\"https:\/\/www.campingthesauque.com\/wp-content\/uploads\/2022\/01\/emplacement-camping-thesauque.jpg\" alt=\"Tente de camping install\u00e9e en pleine nature\" class=\"big\" \/><\/div><div class=\"call-to-action_contenu\"><div class=\"call-to-action_titre\">Descubra<\/div><div class=\"call-to-action_sous-titre\">Los lugares<\/div><\/div><\/a><\/div><\/div><\/div><a href=\"\/es\/camping-barato-montgeard\/\" title=\"Nuestras tarifas y ofertas\" class=\"element bouton center\" ><span>Nuestras tarifas y ofertas<\/span><\/a><\/div><\/section>\n\n<section id=\"section-61ef0be8af6b4\"\" class=\"section home-fifth bg-white\" \/><div class=\"container full\"><h2 class=\"element section-title left color1\">Descubra las actividades y servicios del camping<\/h2><div class=\"element section-title left color2 title-deco\">Bar, entretenimiento, wifi y m\u00e1s<\/div><div class=\"colonnes-wrap valign-top \"><div class=\"element colonne w-40\"><div class=\"element call-to-action  call-to-action--style-1 call-to-action--big\"><a href=\"\/es\/camping-familiar-montgeard\/\"  class=\"call-to-action_link\" title=\"En savoir plus sur descubra\"><div class=\"call-to-action_image\"><img decoding=\"async\" src=\"https:\/\/www.campingthesauque.com\/wp-content\/uploads\/2022\/01\/activites-100x79.jpg\" data-src=\"https:\/\/www.campingthesauque.com\/wp-content\/uploads\/2022\/01\/activites.jpg\" alt=\"Activit\u00e9s p\u00e9tanque du camping\" class=\"big\" \/><\/div><div class=\"call-to-action_contenu\"><div class=\"call-to-action_titre\">Descubra<\/div><div class=\"call-to-action_sous-titre\">Las actividades<\/div><\/div><\/a><\/div><\/div><div class=\"element colonne w-40\"><div class=\"element call-to-action  call-to-action--style-1 call-to-action--big\"><a href=\"\/es\/camping-familiar-montgeard\/#section-services\"  class=\"call-to-action_link\" title=\"En savoir plus sur descubra\"><div class=\"call-to-action_image\"><img decoding=\"async\" src=\"https:\/\/www.campingthesauque.com\/wp-content\/uploads\/2022\/01\/services-100x79.jpg\" data-src=\"https:\/\/www.campingthesauque.com\/wp-content\/uploads\/2022\/01\/services.jpg\" alt=\"camping proche de toulouse\" class=\"big\" \/><\/div><div class=\"call-to-action_contenu\"><div class=\"call-to-action_titre\">Descubra<\/div><div class=\"call-to-action_sous-titre\">Los servicios<\/div><\/div><\/a><\/div><\/div><div class=\"element colonne w-20\"><div class=\"element bloc-text\">\n\t<div class=\"citation-services\">\r\n<strong>Todo al alcance de la mano<\/strong> para unas vacaciones <strong>relajadas<\/strong>\r\n<\/div><\/div><\/div><\/div><div class=\"element bloc-text left \">\n\t<p>Descubra los <strong class=\"bold color1\">servicios de calidad<\/strong> que le ofrecemos para garantizarle una estancia confortable, as\u00ed como nuestro <a href=\"\/es\/restaurante-montgeard\/\">bar\/restaurante en Montgeard<\/a> ideal para sus comidas familiares.<\/p>\n<p>Con la familia y los amigos, disfrutar\u00e1s de nuestras <a href=\"\/es\/camping-familiar-montgeard\/\">instalaciones de ocio<\/a> y deportivas para pasar momentos de diversi\u00f3n y complicidad con los tuyos mientras tus hijos se divierten en el <strong class=\"bold color1\">club infantil<\/strong>.<\/p>\n<\/div><\/div><\/section>\n\n<section id=\"section-61ef0be8af7c6\"\" class=\"section home-sixt bg-white\" \/><div class=\"container extralarge\"><h2 class=\"element section-title left color3\">Una regi\u00f3n colorida<\/h2><div class=\"element section-title left color3 title-deco\">Descubra los alrededores<\/div><div class=\"element bloc-text justify \">\n\t<p>Imperdible, <a href=\"\/es\/turismo-toulouse\/\">visite Toulouse<\/a>, una ciudad llena de car\u00e1cter y encanto para descubrir durante su estancia. Descubra las especialidades gastron\u00f3micas, pasee por la Place du Capitole y recorra el r\u00edo Garona.<\/p>\n<\/div><div class=\"element call-to-action  call-to-action--style-1 call-to-action--small\"><a href=\"https:\/\/www.campingthesauque.com\/es\/turismo-toulouse\/\"  class=\"call-to-action_link\" title=\"En savoir plus sur alrededor\"><div class=\"call-to-action_image\"><img decoding=\"async\" src=\"https:\/\/www.campingthesauque.com\/wp-content\/uploads\/2022\/04\/visiter-toulouse-100x37.jpg\" data-src=\"https:\/\/www.campingthesauque.com\/wp-content\/uploads\/2022\/04\/visiter-toulouse.jpg\" alt=\"visiter toulouse\" class=\"small\" \/><\/div><div class=\"call-to-action_contenu\"><div class=\"call-to-action_titre\">Alrededor<\/div><div class=\"call-to-action_sous-titre\">Del camping<\/div><\/div><\/a><\/div><\/div><\/section>","protected":false},"excerpt":{"rendered":"","protected":false},"author":1,"featured_media":4058,"parent":0,"menu_order":0,"comment_status":"closed","ping_status":"closed","template":"","meta":{"_acf_changed":false,"footnotes":""},"class_list":["post-2101","page","type-page","status-publish","has-post-thumbnail","hentry"],"acf":[],"yoast_head":"<!-- This site is optimized with the Yoast SEO plugin v25.3 - https:\/\/yoast.com\/wordpress\/plugins\/seo\/ -->\n<title>Camping Haute-Garonne | Camping Lac de la Th\u00e9sauque en Montgeard<\/title>\n<meta name=\"robots\" content=\"index, follow, max-snippet:-1, max-image-preview:large, max-video-preview:-1\" \/>\n<link rel=\"canonical\" href=\"https:\/\/www.campingthesauque.com\/es\/\" \/>\n<meta property=\"og:locale\" content=\"es_ES\" \/>\n<meta property=\"og:type\" content=\"article\" \/>\n<meta property=\"og:title\" content=\"Camping Haute-Garonne | Camping Lac de la Th\u00e9sauque en Montgeard\" \/>\n<meta property=\"og:url\" content=\"https:\/\/www.campingthesauque.com\/es\/\" \/>\n<meta property=\"og:site_name\" content=\"Camping le Lac de la Th\u00e9sauque\" \/>\n<meta property=\"article:publisher\" content=\"https:\/\/www.facebook.com\/CampingThesauque\/\" \/>\n<meta property=\"article:modified_time\" content=\"2023-06-16T08:08:31+00:00\" \/>\n<meta property=\"og:image\" content=\"https:\/\/www.campingthesauque.com\/wp-content\/uploads\/2023\/04\/camping-toulouse-1.jpg\" \/>\n\t<meta property=\"og:image:width\" content=\"1519\" \/>\n\t<meta property=\"og:image:height\" content=\"671\" \/>\n\t<meta property=\"og:image:type\" content=\"image\/jpeg\" \/>\n<meta name=\"twitter:card\" content=\"summary_large_image\" \/>\n<script type=\"application\/ld+json\" class=\"yoast-schema-graph\">{\"@context\":\"https:\/\/schema.org\",\"@graph\":[{\"@type\":\"WebPage\",\"@id\":\"https:\/\/www.campingthesauque.com\/es\/\",\"url\":\"https:\/\/www.campingthesauque.com\/es\/\",\"name\":\"Camping Haute-Garonne | Camping Lac de la Th\u00e9sauque en Montgeard\",\"isPartOf\":{\"@id\":\"https:\/\/www.campingthesauque.com\/es\/#website\"},\"primaryImageOfPage\":{\"@id\":\"https:\/\/www.campingthesauque.com\/es\/#primaryimage\"},\"image\":{\"@id\":\"https:\/\/www.campingthesauque.com\/es\/#primaryimage\"},\"thumbnailUrl\":\"https:\/\/www.campingthesauque.com\/wp-content\/uploads\/2023\/04\/camping-toulouse-1.jpg\",\"datePublished\":\"2022-01-21T15:39:18+00:00\",\"dateModified\":\"2023-06-16T08:08:31+00:00\",\"breadcrumb\":{\"@id\":\"https:\/\/www.campingthesauque.com\/es\/#breadcrumb\"},\"inLanguage\":\"es\",\"potentialAction\":[{\"@type\":\"ReadAction\",\"target\":[\"https:\/\/www.campingthesauque.com\/es\/\"]}]},{\"@type\":\"ImageObject\",\"inLanguage\":\"es\",\"@id\":\"https:\/\/www.campingthesauque.com\/es\/#primaryimage\",\"url\":\"https:\/\/www.campingthesauque.com\/wp-content\/uploads\/2023\/04\/camping-toulouse-1.jpg\",\"contentUrl\":\"https:\/\/www.campingthesauque.com\/wp-content\/uploads\/2023\/04\/camping-toulouse-1.jpg\",\"width\":1519,\"height\":671,\"caption\":\"camping Toulouse\"},{\"@type\":\"BreadcrumbList\",\"@id\":\"https:\/\/www.campingthesauque.com\/es\/#breadcrumb\",\"itemListElement\":[{\"@type\":\"ListItem\",\"position\":1,\"name\":\"Camping Toulouse\",\"item\":\"https:\/\/www.campingthesauque.com\/es\/\"},{\"@type\":\"ListItem\",\"position\":2,\"name\":\"Accueil\"}]},{\"@type\":\"WebSite\",\"@id\":\"https:\/\/www.campingthesauque.com\/es\/#website\",\"url\":\"https:\/\/www.campingthesauque.com\/es\/\",\"name\":\"Camping le Lac de la Th\u00e9sauque\",\"description\":\"\",\"publisher\":{\"@id\":\"https:\/\/www.campingthesauque.com\/es\/#organization\"},\"potentialAction\":[{\"@type\":\"SearchAction\",\"target\":{\"@type\":\"EntryPoint\",\"urlTemplate\":\"https:\/\/www.campingthesauque.com\/es\/?s={search_term_string}\"},\"query-input\":{\"@type\":\"PropertyValueSpecification\",\"valueRequired\":true,\"valueName\":\"search_term_string\"}}],\"inLanguage\":\"es\"},{\"@type\":\"Organization\",\"@id\":\"https:\/\/www.campingthesauque.com\/es\/#organization\",\"name\":\"Camping du Lac de la Th\u00e9sauque\",\"url\":\"https:\/\/www.campingthesauque.com\/es\/\",\"logo\":{\"@type\":\"ImageObject\",\"inLanguage\":\"es\",\"@id\":\"https:\/\/www.campingthesauque.com\/es\/#\/schema\/logo\/image\/\",\"url\":\"https:\/\/www.campingthesauque.com\/wp-content\/uploads\/2022\/01\/logo-camping.png\",\"contentUrl\":\"https:\/\/www.campingthesauque.com\/wp-content\/uploads\/2022\/01\/logo-camping.png\",\"width\":411,\"height\":92,\"caption\":\"Camping du Lac de la Th\u00e9sauque\"},\"image\":{\"@id\":\"https:\/\/www.campingthesauque.com\/es\/#\/schema\/logo\/image\/\"},\"sameAs\":[\"https:\/\/www.facebook.com\/CampingThesauque\/\"]}]}<\/script>\n<!-- \/ Yoast SEO plugin. -->","yoast_head_json":{"title":"Camping Haute-Garonne | Camping Lac de la Th\u00e9sauque en Montgeard","robots":{"index":"index","follow":"follow","max-snippet":"max-snippet:-1","max-image-preview":"max-image-preview:large","max-video-preview":"max-video-preview:-1"},"canonical":"https:\/\/www.campingthesauque.com\/es\/","og_locale":"es_ES","og_type":"article","og_title":"Camping Haute-Garonne | Camping Lac de la Th\u00e9sauque en Montgeard","og_url":"https:\/\/www.campingthesauque.com\/es\/","og_site_name":"Camping le Lac de la Th\u00e9sauque","article_publisher":"https:\/\/www.facebook.com\/CampingThesauque\/","article_modified_time":"2023-06-16T08:08:31+00:00","og_image":[{"width":1519,"height":671,"url":"https:\/\/www.campingthesauque.com\/wp-content\/uploads\/2023\/04\/camping-toulouse-1.jpg","type":"image\/jpeg"}],"twitter_card":"summary_large_image","schema":{"@context":"https:\/\/schema.org","@graph":[{"@type":"WebPage","@id":"https:\/\/www.campingthesauque.com\/es\/","url":"https:\/\/www.campingthesauque.com\/es\/","name":"Camping Haute-Garonne | Camping Lac de la Th\u00e9sauque en Montgeard","isPartOf":{"@id":"https:\/\/www.campingthesauque.com\/es\/#website"},"primaryImageOfPage":{"@id":"https:\/\/www.campingthesauque.com\/es\/#primaryimage"},"image":{"@id":"https:\/\/www.campingthesauque.com\/es\/#primaryimage"},"thumbnailUrl":"https:\/\/www.campingthesauque.com\/wp-content\/uploads\/2023\/04\/camping-toulouse-1.jpg","datePublished":"2022-01-21T15:39:18+00:00","dateModified":"2023-06-16T08:08:31+00:00","breadcrumb":{"@id":"https:\/\/www.campingthesauque.com\/es\/#breadcrumb"},"inLanguage":"es","potentialAction":[{"@type":"ReadAction","target":["https:\/\/www.campingthesauque.com\/es\/"]}]},{"@type":"ImageObject","inLanguage":"es","@id":"https:\/\/www.campingthesauque.com\/es\/#primaryimage","url":"https:\/\/www.campingthesauque.com\/wp-content\/uploads\/2023\/04\/camping-toulouse-1.jpg","contentUrl":"https:\/\/www.campingthesauque.com\/wp-content\/uploads\/2023\/04\/camping-toulouse-1.jpg","width":1519,"height":671,"caption":"camping Toulouse"},{"@type":"BreadcrumbList","@id":"https:\/\/www.campingthesauque.com\/es\/#breadcrumb","itemListElement":[{"@type":"ListItem","position":1,"name":"Camping Toulouse","item":"https:\/\/www.campingthesauque.com\/es\/"},{"@type":"ListItem","position":2,"name":"Accueil"}]},{"@type":"WebSite","@id":"https:\/\/www.campingthesauque.com\/es\/#website","url":"https:\/\/www.campingthesauque.com\/es\/","name":"Camping le Lac de la Th\u00e9sauque","description":"","publisher":{"@id":"https:\/\/www.campingthesauque.com\/es\/#organization"},"potentialAction":[{"@type":"SearchAction","target":{"@type":"EntryPoint","urlTemplate":"https:\/\/www.campingthesauque.com\/es\/?s={search_term_string}"},"query-input":{"@type":"PropertyValueSpecification","valueRequired":true,"valueName":"search_term_string"}}],"inLanguage":"es"},{"@type":"Organization","@id":"https:\/\/www.campingthesauque.com\/es\/#organization","name":"Camping du Lac de la Th\u00e9sauque","url":"https:\/\/www.campingthesauque.com\/es\/","logo":{"@type":"ImageObject","inLanguage":"es","@id":"https:\/\/www.campingthesauque.com\/es\/#\/schema\/logo\/image\/","url":"https:\/\/www.campingthesauque.com\/wp-content\/uploads\/2022\/01\/logo-camping.png","contentUrl":"https:\/\/www.campingthesauque.com\/wp-content\/uploads\/2022\/01\/logo-camping.png","width":411,"height":92,"caption":"Camping du Lac de la Th\u00e9sauque"},"image":{"@id":"https:\/\/www.campingthesauque.com\/es\/#\/schema\/logo\/image\/"},"sameAs":["https:\/\/www.facebook.com\/CampingThesauque\/"]}]}},"_links":{"self":[{"href":"https:\/\/www.campingthesauque.com\/es\/wp-json\/wp\/v2\/pages\/2101","targetHints":{"allow":["GET"]}}],"collection":[{"href":"https:\/\/www.campingthesauque.com\/es\/wp-json\/wp\/v2\/pages"}],"about":[{"href":"https:\/\/www.campingthesauque.com\/es\/wp-json\/wp\/v2\/types\/page"}],"author":[{"embeddable":true,"href":"https:\/\/www.campingthesauque.com\/es\/wp-json\/wp\/v2\/users\/1"}],"replies":[{"embeddable":true,"href":"https:\/\/www.campingthesauque.com\/es\/wp-json\/wp\/v2\/comments?post=2101"}],"version-history":[{"count":2,"href":"https:\/\/www.campingthesauque.com\/es\/wp-json\/wp\/v2\/pages\/2101\/revisions"}],"predecessor-version":[{"id":4432,"href":"https:\/\/www.campingthesauque.com\/es\/wp-json\/wp\/v2\/pages\/2101\/revisions\/4432"}],"wp:featuredmedia":[{"embeddable":true,"href":"https:\/\/www.campingthesauque.com\/es\/wp-json\/wp\/v2\/media\/4058"}],"wp:attachment":[{"href":"https:\/\/www.campingthesauque.com\/es\/wp-json\/wp\/v2\/media?parent=2101"}],"curies":[{"name":"wp","href":"https:\/\/api.w.org\/{rel}","templated":true}]}}